{"id":3588,"date":"2016-03-09T23:13:23","date_gmt":"2016-03-09T21:13:23","guid":{"rendered":"http:\/\/ewestales.julianago.eu\/?page_id=3588"},"modified":"2020-03-22T01:47:47","modified_gmt":"2020-03-21T23:47:47","slug":"esileht","status":"publish","type":"page","link":"https:\/\/ewestales.eu\/et\/esileht","title":{"rendered":"Avaleht"},"content":{"rendered":"<b><span lang=\"en-US\"><\/span>Kallid s\u00f5brad!<\/b>\n\n<b>Teie arvukatel palvetel teeme uue plaaniv\u00e4lise kraasitud villa Bergschaf tellimuse<\/b>.\n\nHind poes on 3,50 eurot\/100g v\u00f5i 32 eurot\/kg.\n\nHind eeltellimusel <b>29 eurot\/kg<\/b>. Minimaalne kogus &#8211; 1 kg \u00fcht v\u00e4rvi.\n\nPakkumine kehtib 24. m\u00e4rtsini kl 21.00.\n\nTellimuse saadame tehasesse 24. m\u00e4rtsil. Tavaliselt v\u00f5ttis tarne aega kuni 2 n\u00e4dalat. V\u00f5imalik, et n\u00fc\u00fcd on tarneaeg pikem.\n\nBergschafi eeltellimuse saate vormistada e-poes kui tavalist tellimust, tuues \u00e4ra oma rekvisiidid ja valides pakiautomaati. S\u00fcsteem esitab automaatselt arve teie poolt toodud rekvisiitidega ja saadab teie e-postile. P\u00e4rast makse saamist lisame teie tellimuse kogu tellimusele.\n\nKui teil on tellimuse vormistamisega raskusi, kirjutage aadressil ewes.tales@gmail.com. Kirjas tooge \u00e4ra oma telefoninumber, et saaksime teiega operatiivselt \u00fchendust v\u00f5tta.\n\n<span lang=\"et-EE\">Pange t\u00e4hele, et meie kaubavalikusse on lisandunud uusi tooteid. Samuti on m\u00fc\u00fcgile tulnud viskoos ja <\/span><span lang=\"en-US\">Margilani siid. <\/span>\n\nMeeldivaid oste!\n\n<i>Juliana<\/i>\n\n<b><span lang=\"en-US\"><\/span><\/i>\n\n\n\n<div class=\"woocommerce columns-4 \"><ul class=\"products columns-4\">\n<li class=\"product type-product post-3268 status-publish first outofstock product_cat-bergschaf product_tag-cardedwool product_tag-white product_tag-wool has-post-thumbnail shipping-taxable purchasable product-type-variable\">\n\t<a href=\"https:\/\/ewestales.eu\/et\/product\/bergschaf-valge\" class=\"woocommerce-LoopProduct-link woocommerce-loop-product__link\"><img loading=\"lazy\" decoding=\"async\" width=\"400\" height=\"400\" src=\"https:\/\/i0.wp.com\/ewestales.eu\/wp-content\/uploads\/2021\/11\/Bergschaf_white.jpg?resize=400%2C400&amp;ssl=1\" class=\"attachment-woocommerce_thumbnail size-woocommerce_thumbnail\" alt=\"Bergschaf_whit|carded wool\" srcset=\"https:\/\/i0.wp.com\/ewestales.eu\/wp-content\/uploads\/2021\/11\/Bergschaf_white.jpg?w=400&amp;ssl=1 400w, https:\/\/i0.wp.com\/ewestales.eu\/wp-content\/uploads\/2021\/11\/Bergschaf_white.jpg?resize=300%2C300&amp;ssl=1 300w, https:\/\/i0.wp.com\/ewestales.eu\/wp-content\/uploads\/2021\/11\/Bergschaf_white.jpg?resize=150%2C150&amp;ssl=1 150w, https:\/\/i0.wp.com\/ewestales.eu\/wp-content\/uploads\/2021\/11\/Bergschaf_white.jpg?resize=380%2C380&amp;ssl=1 380w, https:\/\/i0.wp.com\/ewestales.eu\/wp-content\/uploads\/2021\/11\/Bergschaf_white.jpg?resize=100%2C100&amp;ssl=1 100w, https:\/\/i0.wp.com\/ewestales.eu\/wp-content\/uploads\/2021\/11\/Bergschaf_white.jpg?resize=50%2C50&amp;ssl=1 50w\" sizes=\"auto, (max-width: 400px) 100vw, 400px\" \/><h2 class=\"woocommerce-loop-product__title\">Bergschaf White<\/h2>\n\t<span class=\"price\">\u041e\u0442 <span class=\"woocommerce-Price-amount amount\"><bdi>3.60<span class=\"woocommerce-Price-currencySymbol\">&euro;<\/span><\/bdi><\/span><\/span>\n<\/a><a href=\"https:\/\/ewestales.eu\/et\/product\/bergschaf-valge\" aria-describedby=\"woocommerce_loop_add_to_cart_link_describedby_3268\" data-quantity=\"1\" class=\"button product_type_variable\" data-product_id=\"3268\" data-product_sku=\"BergWhite\" aria-label=\"Vali tootele &ldquo;Bergschaf White&rdquo; omadused\" rel=\"nofollow\">Vali<\/a>\t<span id=\"woocommerce_loop_add_to_cart_link_describedby_3268\" class=\"screen-reader-text\">\n\t\tThis product has multiple variants. The options may be chosen on the product page\t<\/span>\n<\/li>\n<li class=\"product type-product post-859290 status-publish outofstock product_cat-bergschaf product_tag-cardedwool product_tag-wool has-post-thumbnail shipping-taxable purchasable product-type-variable\">\n\t<a href=\"https:\/\/ewestales.eu\/et\/product\/bergschaf-25brown75white\" class=\"woocommerce-LoopProduct-link woocommerce-loop-product__link\"><img loading=\"lazy\" decoding=\"async\" width=\"480\" height=\"480\" src=\"https:\/\/i0.wp.com\/ewestales.eu\/wp-content\/uploads\/2016\/01\/Bergschaf_25braun75white.jpg?resize=480%2C480&amp;ssl=1\" class=\"attachment-woocommerce_thumbnail size-woocommerce_thumbnail\" alt=\"Carded wool Bergschaf_25braun75whiteBergschaf_25braun75white\" srcset=\"https:\/\/i0.wp.com\/ewestales.eu\/wp-content\/uploads\/2016\/01\/Bergschaf_25braun75white.jpg?w=600&amp;ssl=1 600w, https:\/\/i0.wp.com\/ewestales.eu\/wp-content\/uploads\/2016\/01\/Bergschaf_25braun75white.jpg?resize=300%2C300&amp;ssl=1 300w, https:\/\/i0.wp.com\/ewestales.eu\/wp-content\/uploads\/2016\/01\/Bergschaf_25braun75white.jpg?resize=150%2C150&amp;ssl=1 150w, https:\/\/i0.wp.com\/ewestales.eu\/wp-content\/uploads\/2016\/01\/Bergschaf_25braun75white.jpg?resize=400%2C400&amp;ssl=1 400w, https:\/\/i0.wp.com\/ewestales.eu\/wp-content\/uploads\/2016\/01\/Bergschaf_25braun75white.jpg?resize=480%2C480&amp;ssl=1 480w, https:\/\/i0.wp.com\/ewestales.eu\/wp-content\/uploads\/2016\/01\/Bergschaf_25braun75white.jpg?resize=380%2C380&amp;ssl=1 380w, https:\/\/i0.wp.com\/ewestales.eu\/wp-content\/uploads\/2016\/01\/Bergschaf_25braun75white.jpg?resize=100%2C100&amp;ssl=1 100w, https:\/\/i0.wp.com\/ewestales.eu\/wp-content\/uploads\/2016\/01\/Bergschaf_25braun75white.jpg?resize=50%2C50&amp;ssl=1 50w\" sizes=\"auto, (max-width: 480px) 100vw, 480px\" \/><h2 class=\"woocommerce-loop-product__title\">Bergschaf 25brown75white<\/h2>\n\t<span class=\"price\">\u041e\u0442 <span class=\"woocommerce-Price-amount amount\"><bdi>3.60<span class=\"woocommerce-Price-currencySymbol\">&euro;<\/span><\/bdi><\/span><\/span>\n<\/a><a href=\"https:\/\/ewestales.eu\/et\/product\/bergschaf-25brown75white\" aria-describedby=\"woocommerce_loop_add_to_cart_link_describedby_859290\" data-quantity=\"1\" class=\"button product_type_variable\" data-product_id=\"859290\" data-product_sku=\"Berg25brown75white-1281\" aria-label=\"Vali tootele &ldquo;Bergschaf 25brown75white&rdquo; omadused\" rel=\"nofollow\">Vali<\/a>\t<span id=\"woocommerce_loop_add_to_cart_link_describedby_859290\" class=\"screen-reader-text\">\n\t\tThis product has multiple variants. The options may be chosen on the product page\t<\/span>\n<\/li>\n<li class=\"product type-product post-859291 status-publish outofstock product_cat-bergschaf has-post-thumbnail shipping-taxable purchasable product-type-variable\">\n\t<a href=\"https:\/\/ewestales.eu\/et\/product\/bergschaf-50brown50white\" class=\"woocommerce-LoopProduct-link woocommerce-loop-product__link\"><img loading=\"lazy\" decoding=\"async\" width=\"480\" height=\"480\" src=\"https:\/\/i0.wp.com\/ewestales.eu\/wp-content\/uploads\/2016\/01\/Bergschaf_50braun50white.jpg?resize=480%2C480&amp;ssl=1\" class=\"attachment-woocommerce_thumbnail size-woocommerce_thumbnail\" alt=\"Carded wool|Bergschaf\" srcset=\"https:\/\/i0.wp.com\/ewestales.eu\/wp-content\/uploads\/2016\/01\/Bergschaf_50braun50white.jpg?w=600&amp;ssl=1 600w, https:\/\/i0.wp.com\/ewestales.eu\/wp-content\/uploads\/2016\/01\/Bergschaf_50braun50white.jpg?resize=300%2C300&amp;ssl=1 300w, https:\/\/i0.wp.com\/ewestales.eu\/wp-content\/uploads\/2016\/01\/Bergschaf_50braun50white.jpg?resize=150%2C150&amp;ssl=1 150w, https:\/\/i0.wp.com\/ewestales.eu\/wp-content\/uploads\/2016\/01\/Bergschaf_50braun50white.jpg?resize=400%2C400&amp;ssl=1 400w, https:\/\/i0.wp.com\/ewestales.eu\/wp-content\/uploads\/2016\/01\/Bergschaf_50braun50white.jpg?resize=480%2C480&amp;ssl=1 480w, https:\/\/i0.wp.com\/ewestales.eu\/wp-content\/uploads\/2016\/01\/Bergschaf_50braun50white.jpg?resize=380%2C380&amp;ssl=1 380w, https:\/\/i0.wp.com\/ewestales.eu\/wp-content\/uploads\/2016\/01\/Bergschaf_50braun50white.jpg?resize=100%2C100&amp;ssl=1 100w, https:\/\/i0.wp.com\/ewestales.eu\/wp-content\/uploads\/2016\/01\/Bergschaf_50braun50white.jpg?resize=50%2C50&amp;ssl=1 50w\" sizes=\"auto, (max-width: 480px) 100vw, 480px\" \/><h2 class=\"woocommerce-loop-product__title\">Bergschaf 50brown50white<\/h2>\n\t<span class=\"price\">\u041e\u0442 <span class=\"woocommerce-Price-amount amount\"><bdi>3.60<span class=\"woocommerce-Price-currencySymbol\">&euro;<\/span><\/bdi><\/span><\/span>\n<\/a><a href=\"https:\/\/ewestales.eu\/et\/product\/bergschaf-50brown50white\" aria-describedby=\"woocommerce_loop_add_to_cart_link_describedby_859291\" data-quantity=\"1\" class=\"button product_type_variable\" data-product_id=\"859291\" data-product_sku=\"Berg50brown50white-1280\" aria-label=\"Vali tootele &ldquo;Bergschaf 50brown50white&rdquo; omadused\" rel=\"nofollow\">Vali<\/a>\t<span id=\"woocommerce_loop_add_to_cart_link_describedby_859291\" class=\"screen-reader-text\">\n\t\tThis product has multiple variants. The options may be chosen on the product page\t<\/span>\n<\/li>\n<li class=\"product type-product post-859292 status-publish last outofstock product_cat-bergschaf product_tag-cardedwool product_tag-wool has-post-thumbnail shipping-taxable purchasable product-type-variable\">\n\t<a href=\"https:\/\/ewestales.eu\/et\/product\/bergschaf-75brown25white\" class=\"woocommerce-LoopProduct-link woocommerce-loop-product__link\"><img loading=\"lazy\" decoding=\"async\" width=\"480\" height=\"480\" src=\"https:\/\/i0.wp.com\/ewestales.eu\/wp-content\/uploads\/2016\/01\/Bergschaf_75braun25white.jpg?resize=480%2C480&amp;ssl=1\" class=\"attachment-woocommerce_thumbnail size-woocommerce_thumbnail\" alt=\"Carded wool|Bergschaf\" srcset=\"https:\/\/i0.wp.com\/ewestales.eu\/wp-content\/uploads\/2016\/01\/Bergschaf_75braun25white.jpg?w=600&amp;ssl=1 600w, https:\/\/i0.wp.com\/ewestales.eu\/wp-content\/uploads\/2016\/01\/Bergschaf_75braun25white.jpg?resize=300%2C300&amp;ssl=1 300w, https:\/\/i0.wp.com\/ewestales.eu\/wp-content\/uploads\/2016\/01\/Bergschaf_75braun25white.jpg?resize=150%2C150&amp;ssl=1 150w, https:\/\/i0.wp.com\/ewestales.eu\/wp-content\/uploads\/2016\/01\/Bergschaf_75braun25white.jpg?resize=400%2C400&amp;ssl=1 400w, https:\/\/i0.wp.com\/ewestales.eu\/wp-content\/uploads\/2016\/01\/Bergschaf_75braun25white.jpg?resize=480%2C480&amp;ssl=1 480w, https:\/\/i0.wp.com\/ewestales.eu\/wp-content\/uploads\/2016\/01\/Bergschaf_75braun25white.jpg?resize=380%2C380&amp;ssl=1 380w, https:\/\/i0.wp.com\/ewestales.eu\/wp-content\/uploads\/2016\/01\/Bergschaf_75braun25white.jpg?resize=100%2C100&amp;ssl=1 100w, https:\/\/i0.wp.com\/ewestales.eu\/wp-content\/uploads\/2016\/01\/Bergschaf_75braun25white.jpg?resize=50%2C50&amp;ssl=1 50w\" sizes=\"auto, (max-width: 480px) 100vw, 480px\" \/><h2 class=\"woocommerce-loop-product__title\">Bergschaf 75brown25white<\/h2>\n\t<span class=\"price\">\u041e\u0442 <span class=\"woocommerce-Price-amount amount\"><bdi>3.60<span class=\"woocommerce-Price-currencySymbol\">&euro;<\/span><\/bdi><\/span><\/span>\n<\/a><a href=\"https:\/\/ewestales.eu\/et\/product\/bergschaf-75brown25white\" aria-describedby=\"woocommerce_loop_add_to_cart_link_describedby_859292\" data-quantity=\"1\" class=\"button product_type_variable\" data-product_id=\"859292\" data-product_sku=\"Berg75brown250white-1279\" aria-label=\"Vali tootele &ldquo;Bergschaf 75brown25white&rdquo; omadused\" rel=\"nofollow\">Vali<\/a>\t<span id=\"woocommerce_loop_add_to_cart_link_describedby_859292\" class=\"screen-reader-text\">\n\t\tThis product has multiple variants. The options may be chosen on the product page\t<\/span>\n<\/li>\n<li class=\"product type-product post-859293 status-publish first outofstock product_cat-bergschaf product_tag-cardedwool product_tag-wool has-post-thumbnail shipping-taxable purchasable product-type-variable\">\n\t<a href=\"https:\/\/ewestales.eu\/et\/product\/bergschaf-brown\" class=\"woocommerce-LoopProduct-link woocommerce-loop-product__link\"><img loading=\"lazy\" decoding=\"async\" width=\"480\" height=\"480\" src=\"https:\/\/i0.wp.com\/ewestales.eu\/wp-content\/uploads\/2016\/01\/Bergschaf_braun.jpg?resize=480%2C480&amp;ssl=1\" class=\"attachment-woocommerce_thumbnail size-woocommerce_thumbnail\" alt=\"Carded wool | Bergschaf_braun\" srcset=\"https:\/\/i0.wp.com\/ewestales.eu\/wp-content\/uploads\/2016\/01\/Bergschaf_braun.jpg?w=600&amp;ssl=1 600w, https:\/\/i0.wp.com\/ewestales.eu\/wp-content\/uploads\/2016\/01\/Bergschaf_braun.jpg?resize=300%2C300&amp;ssl=1 300w, https:\/\/i0.wp.com\/ewestales.eu\/wp-content\/uploads\/2016\/01\/Bergschaf_braun.jpg?resize=150%2C150&amp;ssl=1 150w, https:\/\/i0.wp.com\/ewestales.eu\/wp-content\/uploads\/2016\/01\/Bergschaf_braun.jpg?resize=400%2C400&amp;ssl=1 400w, https:\/\/i0.wp.com\/ewestales.eu\/wp-content\/uploads\/2016\/01\/Bergschaf_braun.jpg?resize=480%2C480&amp;ssl=1 480w, https:\/\/i0.wp.com\/ewestales.eu\/wp-content\/uploads\/2016\/01\/Bergschaf_braun.jpg?resize=380%2C380&amp;ssl=1 380w, https:\/\/i0.wp.com\/ewestales.eu\/wp-content\/uploads\/2016\/01\/Bergschaf_braun.jpg?resize=100%2C100&amp;ssl=1 100w, https:\/\/i0.wp.com\/ewestales.eu\/wp-content\/uploads\/2016\/01\/Bergschaf_braun.jpg?resize=50%2C50&amp;ssl=1 50w\" sizes=\"auto, (max-width: 480px) 100vw, 480px\" \/><h2 class=\"woocommerce-loop-product__title\">Bergschaf Brown<\/h2>\n<\/a><a href=\"https:\/\/ewestales.eu\/et\/product\/bergschaf-brown\" aria-describedby=\"woocommerce_loop_add_to_cart_link_describedby_859293\" data-quantity=\"1\" class=\"button product_type_variable\" data-product_id=\"859293\" data-product_sku=\"BergBrown-1248\" aria-label=\"Vali tootele &ldquo;Bergschaf Brown&rdquo; omadused\" rel=\"nofollow\">Vali<\/a>\t<span id=\"woocommerce_loop_add_to_cart_link_describedby_859293\" class=\"screen-reader-text\">\n\t\tThis product has multiple variants. The options may be chosen on the product page\t<\/span>\n<\/li>\n<\/ul>\n<\/div>","protected":false},"excerpt":{"rendered":"<p>Kallid s\u00f5brad! Teie arvukatel palvetel teeme uue plaaniv\u00e4lise kraasitud villa Bergschaf tellimuse. Hind poes on 3,50 eurot\/100g v\u00f5i 32 eurot\/kg. Hind eeltellimusel 29 eurot\/kg. Minimaalne kogus &#8211; 1 kg \u00fcht [&hellip;]<\/p>\n","protected":false},"author":411,"featured_media":0,"parent":0,"menu_order":0,"comment_status":"closed","ping_status":"closed","template":"page-templates\/two-sidebars.php","meta":{"footnotes":""},"class_list":["post-3588","page","type-page","status-publish","hentry"],"aioseo_notices":[],"jetpack_sharing_enabled":true,"_links":{"self":[{"href":"https:\/\/ewestales.eu\/et\/wp-json\/wp\/v2\/pages\/3588","targetHints":{"allow":["GET"]}}],"collection":[{"href":"https:\/\/ewestales.eu\/et\/wp-json\/wp\/v2\/pages"}],"about":[{"href":"https:\/\/ewestales.eu\/et\/wp-json\/wp\/v2\/types\/page"}],"author":[{"embeddable":true,"href":"https:\/\/ewestales.eu\/et\/wp-json\/wp\/v2\/users\/411"}],"replies":[{"embeddable":true,"href":"https:\/\/ewestales.eu\/et\/wp-json\/wp\/v2\/comments?post=3588"}],"version-history":[{"count":5,"href":"https:\/\/ewestales.eu\/et\/wp-json\/wp\/v2\/pages\/3588\/revisions"}],"predecessor-version":[{"id":859287,"href":"https:\/\/ewestales.eu\/et\/wp-json\/wp\/v2\/pages\/3588\/revisions\/859287"}],"wp:attachment":[{"href":"https:\/\/ewestales.eu\/et\/wp-json\/wp\/v2\/media?parent=3588"}],"curies":[{"name":"wp","href":"https:\/\/api.w.org\/{rel}","templated":true}]}}