{"id":859906,"date":"2020-04-07T21:28:44","date_gmt":"2020-04-07T18:28:44","guid":{"rendered":"https:\/\/ewestales.eu\/?page_id=859906"},"modified":"2020-06-01T15:16:01","modified_gmt":"2020-06-01T12:16:01","slug":"et-kontakt-ru-kontakt","status":"publish","type":"page","link":"https:\/\/ewestales.eu\/et\/et-kontakt-ru-kontakt","title":{"rendered":"Kontakt"},"content":{"rendered":"<p> Et meiega \u00fchendust v\u00f5tta, kirjutage ewes.tales@gmail.com  v\u00f5i   helistage +372\u00a0<strong>5149029<\/strong>. \u00a0 <\/p>","protected":false},"excerpt":{"rendered":"<p>Et meiega \u00fchendust v\u00f5tta, kirjutage ewes.tales@gmail.com v\u00f5i helistage +372\u00a05149029. \u00a0<\/p>\n","protected":false},"author":411,"featured_media":0,"parent":0,"menu_order":0,"comment_status":"closed","ping_status":"closed","template":"page-templates\/two-sidebars.php","meta":{"footnotes":""},"class_list":["post-859906","page","type-page","status-publish","hentry"],"aioseo_notices":[],"jetpack_sharing_enabled":true,"_links":{"self":[{"href":"https:\/\/ewestales.eu\/et\/wp-json\/wp\/v2\/pages\/859906","targetHints":{"allow":["GET"]}}],"collection":[{"href":"https:\/\/ewestales.eu\/et\/wp-json\/wp\/v2\/pages"}],"about":[{"href":"https:\/\/ewestales.eu\/et\/wp-json\/wp\/v2\/types\/page"}],"author":[{"embeddable":true,"href":"https:\/\/ewestales.eu\/et\/wp-json\/wp\/v2\/users\/411"}],"replies":[{"embeddable":true,"href":"https:\/\/ewestales.eu\/et\/wp-json\/wp\/v2\/comments?post=859906"}],"version-history":[{"count":5,"href":"https:\/\/ewestales.eu\/et\/wp-json\/wp\/v2\/pages\/859906\/revisions"}],"predecessor-version":[{"id":860063,"href":"https:\/\/ewestales.eu\/et\/wp-json\/wp\/v2\/pages\/859906\/revisions\/860063"}],"wp:attachment":[{"href":"https:\/\/ewestales.eu\/et\/wp-json\/wp\/v2\/media?parent=859906"}],"curies":[{"name":"wp","href":"https:\/\/api.w.org\/{rel}","templated":true}]}}