{"id":860544,"date":"2020-08-17T19:37:00","date_gmt":"2020-08-17T16:37:00","guid":{"rendered":"https:\/\/ewestales.eu\/?page_id=860544"},"modified":"2022-09-07T17:37:44","modified_gmt":"2022-09-07T14:37:44","slug":"et-eeltellimus-ru-predzakaz","status":"publish","type":"page","link":"https:\/\/ewestales.eu\/et\/esileht\/et-eeltellimus-ru-predzakaz","title":{"rendered":"Uus-meremaa kraasvill. Eeltellimus!"},"content":{"rendered":"<p>Kallid s\u00f5brad!<br \/>\nValmistame ette uut Uus-Meremaa villa tellimust<\/p>\n<p>Ette tellimisel kehtib villale allahindlus ning hinnaks on &#8211; <strong>26 eurot \/ kg<\/strong> (tavahind 28 \u20ac \/ kg). Minimaalne kogus 500g \u00fchte v\u00e4rvi<\/p>\n<p>Pakkumine kehtib <strong>ainult 13. septembrini (kaasa arvatud). <\/strong>14.09 saadame tellimuse tehasesse<\/p>\n<p>Kui tellimus toimetatakse Tallinnasse, saadame teile teatise e-posti teel v\u00f5i helistame. (Eeldatav kuup\u00e4ev &#8211; 23. \u2013 27.september)<\/p>\n<p>\u201eEeltellimuse\u201c m\u00e4rkega kauba tellimust saab e-poes vormistada kui tavalist tellimust, tuues \u00e4ra oma rekvisiidid ja valides pakiautomaati. S\u00fcsteem esitab automaatselt arve teie poolt toodud rekvisiitidega ja saadab teie e-postile. P\u00e4rast makse saamist lisame teie tellimuse kogu tellimusele.<\/p>\n<p>Kui teil on tellimuse vormistamisega raskusi, kirjutage aadressil ewes.tales@gmail.com. Kirjas tooge \u00e4ra oma telefoninumber, et saaksime teiega operatiivselt \u00fchendust v\u00f5tta.<\/p>\n<p><em><strong>Meeldivaid oste!<\/strong><\/em><br \/>\n<em>Juliana<\/em><\/p>\n<div class=\"woocommerce columns-4 \"><\/div>\n<p>&nbsp;<\/p>\n<p><\/em><\/p>\n<div class=\"woocommerce columns-4 \"><\/div>\n<p><em><strong>&nbsp;<\/strong><\/em><\/p>","protected":false},"excerpt":{"rendered":"<p>Kallid s\u00f5brad! Valmistame ette uut Uus-Meremaa villa tellimust Ette tellimisel kehtib villale allahindlus ning hinnaks on &#8211; 26 eurot \/ kg (tavahind 28 \u20ac \/ kg). Minimaalne kogus 500g \u00fchte [&hellip;]<\/p>\n","protected":false},"author":411,"featured_media":0,"parent":3588,"menu_order":0,"comment_status":"closed","ping_status":"closed","template":"","meta":{"footnotes":""},"class_list":["post-860544","page","type-page","status-publish","hentry"],"aioseo_notices":[],"jetpack_sharing_enabled":true,"_links":{"self":[{"href":"https:\/\/ewestales.eu\/et\/wp-json\/wp\/v2\/pages\/860544","targetHints":{"allow":["GET"]}}],"collection":[{"href":"https:\/\/ewestales.eu\/et\/wp-json\/wp\/v2\/pages"}],"about":[{"href":"https:\/\/ewestales.eu\/et\/wp-json\/wp\/v2\/types\/page"}],"author":[{"embeddable":true,"href":"https:\/\/ewestales.eu\/et\/wp-json\/wp\/v2\/users\/411"}],"replies":[{"embeddable":true,"href":"https:\/\/ewestales.eu\/et\/wp-json\/wp\/v2\/comments?post=860544"}],"version-history":[{"count":5,"href":"https:\/\/ewestales.eu\/et\/wp-json\/wp\/v2\/pages\/860544\/revisions"}],"predecessor-version":[{"id":862221,"href":"https:\/\/ewestales.eu\/et\/wp-json\/wp\/v2\/pages\/860544\/revisions\/862221"}],"up":[{"embeddable":true,"href":"https:\/\/ewestales.eu\/et\/wp-json\/wp\/v2\/pages\/3588"}],"wp:attachment":[{"href":"https:\/\/ewestales.eu\/et\/wp-json\/wp\/v2\/media?parent=860544"}],"curies":[{"name":"wp","href":"https:\/\/api.w.org\/{rel}","templated":true}]}}