{"id":1035,"date":"2015-11-28T13:35:51","date_gmt":"2015-11-28T11:35:51","guid":{"rendered":"http:\/\/ewestales.julianago.eu\/product\/kirg\/"},"modified":"2023-03-30T00:20:32","modified_gmt":"2023-03-29T21:20:32","slug":"bamboo-passion","status":"publish","type":"product","link":"https:\/\/ewestales.eu\/et\/product\/bamboo-passion","title":{"rendered":"Bamboo Passion"},"content":{"rendered":"<p><\/p>\n<h6><b><strong>Kammitud <\/strong>bambuskiud<\/b> <strong> (kammlint, top)<\/strong><\/h6>\n<p>Regenereeritud tselluloosi kiud on valmistatud bambuse lihast.<br \/>\nJ\u00e4meduse ja valge v\u00e4rvi poolest meenutab see klassikalist viskoosi. Bambuskiud on v\u00e4ga tugevad, h\u00fcgroskoopsed ja juhivad h\u00e4sti soojust. Neid on kerge v\u00e4rvida. Nagu lina- ja kanepikiud, sobivad need nii peene kui ka j\u00e4meda villaga kokku vilimiseks. Suhtelise paksuse t\u00f5ttu ei vaju need villase riide sisse. Bambuskiudu saab kasutada kraasitud villast valmistatud esemete kaunistamiseks m\u00e4rgviltimise ja nunoviltimise korral. Nagu k\u00f5ik taimsed kiud, annavad selle salgud v\u00e4ga selge suure loki.<\/p>","protected":false},"excerpt":{"rendered":"<h6><b><strong>Kammitud <\/strong>bambuskiud<\/b> <strong> (kammlint, top)<\/strong><\/h6>\n<p>V\u00e4rvid vastavad Oeko Tex Standard 100 parameetritele.<br \/>\nValitud kogus saadetakse lindina pakendis. Minimaalne tellimus 10 g.<\/p>\n<p><em>Hankija:<\/em> DHG, Itaalia<\/p>\n<p>Ideaalne viltimiseks, k\u00e4sitsi ketramiseks.<\/p>\n<p><em>V\u00e4rve ei pruugita teie ekraanil \u00f5igesti kuvada.<\/em><\/p>\n<p><strong><em>Hind on antud&nbsp;<span style=\"color: #ff0000;\">10 g <\/span>eest.<\/em><\/strong><\/p>\n","protected":false},"featured_media":1013,"comment_status":"open","ping_status":"closed","template":"","meta":{"jetpack_publicize_message":"","jetpack_publicize_feature_enabled":true,"jetpack_social_post_already_shared":true,"jetpack_social_options":{"image_generator_settings":{"template":"highway","default_image_id":0,"font":"","enabled":false},"version":2}},"product_brand":[],"product_cat":[175,149],"product_tag":[1231],"class_list":{"0":"post-1035","1":"product","2":"type-product","3":"status-publish","4":"has-post-thumbnail","6":"product_cat-bambus","7":"product_cat-erinevad-kiud","8":"product_tag-red","10":"first","11":"instock","12":"shipping-taxable","13":"purchasable","14":"product-type-simple"},"aioseo_notices":[],"jetpack_publicize_connections":[],"jetpack_sharing_enabled":true,"_links":{"self":[{"href":"https:\/\/ewestales.eu\/et\/wp-json\/wp\/v2\/product\/1035","targetHints":{"allow":["GET"]}}],"collection":[{"href":"https:\/\/ewestales.eu\/et\/wp-json\/wp\/v2\/product"}],"about":[{"href":"https:\/\/ewestales.eu\/et\/wp-json\/wp\/v2\/types\/product"}],"replies":[{"embeddable":true,"href":"https:\/\/ewestales.eu\/et\/wp-json\/wp\/v2\/comments?post=1035"}],"wp:featuredmedia":[{"embeddable":true,"href":"https:\/\/ewestales.eu\/et\/wp-json\/wp\/v2\/media\/1013"}],"wp:attachment":[{"href":"https:\/\/ewestales.eu\/et\/wp-json\/wp\/v2\/media?parent=1035"}],"wp:term":[{"taxonomy":"product_brand","embeddable":true,"href":"https:\/\/ewestales.eu\/et\/wp-json\/wp\/v2\/product_brand?post=1035"},{"taxonomy":"product_cat","embeddable":true,"href":"https:\/\/ewestales.eu\/et\/wp-json\/wp\/v2\/product_cat?post=1035"},{"taxonomy":"product_tag","embeddable":true,"href":"https:\/\/ewestales.eu\/et\/wp-json\/wp\/v2\/product_tag?post=1035"}],"curies":[{"name":"wp","href":"https:\/\/api.w.org\/{rel}","templated":true}]}}