{"id":1086,"date":"2015-11-28T21:39:55","date_gmt":"2015-11-28T19:39:55","guid":{"rendered":"http:\/\/ewestales.julianago.eu\/product\/cyclamen\/"},"modified":"2020-10-02T23:32:32","modified_gmt":"2020-10-02T20:32:32","slug":"linen-cyclamen","status":"publish","type":"product","link":"https:\/\/ewestales.eu\/et\/product\/linen-cyclamen","title":{"rendered":"linen Cyclamen"},"content":{"rendered":"<p>Linakiud on linataime varre kiud. Linakiul on ainulaadsed tarbimisomadused: lina on v\u00e4ga h\u00fcgroskoopne, imab h\u00e4sti tilkniiskust ning annab selle samal ajal kiiresti \u00e4ra ja kuivab; linases kius ei teki staatilist elektrit; kandmise k\u00e4igus ei muutu see kollaseks ega vanane, vaid muutub ainult valgemaks ja meeldivamaks; linal on bakteritsiidsed omadused. Need ja muud omadused muudavad lina inimese tervisele kasulikuks ning sellest valmistatud tooteid on lihtne kasutada.<br \/>\nLina on k\u00f5ige karedam kui v\u00f5rrelda seda teiste kiududega. Tavaliselt kasutatakse susside, kottide, interj\u00f6\u00f6resemete dekoreerimiseks. Paksem vill ei \u201cs\u00f6\u00f6\u201d lina kinni ja paistab ilusti eseme pinnal.<\/p>\n<p>Ideaalne viltimiseks, k\u00e4sitsi ketramiseks.<\/p>","protected":false},"excerpt":{"rendered":"<p><strong>Kammitud linakiud (kammlint, top).<\/strong><\/p>\n<p>Ideaalne viltimiseks, k\u00e4sitsi ketramiseks.<\/p>\n<p>Kaal: 20 g\/m.<br \/>\nLindi pikkus: 5 m 100 g<br \/>\n<em>P\u00e4ritolu:<\/em> Hiina.<br \/>\nV\u00e4rvid vastavad Oeko Tex Standard 100 parameetritele.<br \/>\nValitud kogus saadetakse lindina pakendis. Minimaalne tellimus 10 g.<\/p>\n<p><em>Hankija: DHG, Itaalia.<\/em><\/p>\n<p><em>V\u00e4rve ei pruugita teie ekraanil \u00f5igesti kuvada.<\/em><\/p>\n<p><strong><em>Hind on antud&nbsp;<span style=\"color: #ff0000;\">10<\/span>g&nbsp;eest.<\/em><\/strong><\/p>\n","protected":false},"featured_media":860757,"comment_status":"open","ping_status":"closed","template":"","meta":{"jetpack_publicize_message":"","jetpack_publicize_feature_enabled":true,"jetpack_social_post_already_shared":false,"jetpack_social_options":{"image_generator_settings":{"template":"highway","default_image_id":0,"font":"","enabled":false},"version":2}},"product_brand":[],"product_cat":[149,177],"product_tag":[1282],"class_list":{"0":"post-1086","1":"product","2":"type-product","3":"status-publish","4":"has-post-thumbnail","6":"product_cat-erinevad-kiud","7":"product_cat-lina","8":"product_tag-flax","10":"first","11":"instock","12":"shipping-taxable","13":"purchasable","14":"product-type-simple"},"aioseo_notices":[],"jetpack_publicize_connections":[],"jetpack_sharing_enabled":true,"_links":{"self":[{"href":"https:\/\/ewestales.eu\/et\/wp-json\/wp\/v2\/product\/1086","targetHints":{"allow":["GET"]}}],"collection":[{"href":"https:\/\/ewestales.eu\/et\/wp-json\/wp\/v2\/product"}],"about":[{"href":"https:\/\/ewestales.eu\/et\/wp-json\/wp\/v2\/types\/product"}],"replies":[{"embeddable":true,"href":"https:\/\/ewestales.eu\/et\/wp-json\/wp\/v2\/comments?post=1086"}],"wp:featuredmedia":[{"embeddable":true,"href":"https:\/\/ewestales.eu\/et\/wp-json\/wp\/v2\/media\/860757"}],"wp:attachment":[{"href":"https:\/\/ewestales.eu\/et\/wp-json\/wp\/v2\/media?parent=1086"}],"wp:term":[{"taxonomy":"product_brand","embeddable":true,"href":"https:\/\/ewestales.eu\/et\/wp-json\/wp\/v2\/product_brand?post=1086"},{"taxonomy":"product_cat","embeddable":true,"href":"https:\/\/ewestales.eu\/et\/wp-json\/wp\/v2\/product_cat?post=1086"},{"taxonomy":"product_tag","embeddable":true,"href":"https:\/\/ewestales.eu\/et\/wp-json\/wp\/v2\/product_tag?post=1086"}],"curies":[{"name":"wp","href":"https:\/\/api.w.org\/{rel}","templated":true}]}}