{"id":1287,"date":"2020-10-23T12:11:37","date_gmt":"2020-10-23T09:11:37","guid":{"rendered":"http:\/\/ewestales.julianago.eu\/product\/burgundi-5\/"},"modified":"2025-04-06T23:03:14","modified_gmt":"2025-04-06T20:03:14","slug":"wn-softfruits","status":"publish","type":"product","link":"https:\/\/ewestales.eu\/et\/product\/wn-softfruits","title":{"rendered":"wool nepps Soft Fruits"},"content":{"rendered":"<p>Poolt\u00f6\u00f6deldud meriinovillakiud (umbes 19 \u00b5m), \u00fcmarad, ebakorrap\u00e4rased. Villahelbeid saab kasutada mahukate tekstuuride loomiseks m\u00e4rgviltimisel. Maalide loomisel villase akvarelli tehnikas saab villahelbeid kasutada lillede ja muude mustri elementide loomiseks. Nad kinnituvad nii peenele kui ka j\u00e4medale villale. Samuti helbeid saab kasutada ketramisel tekstureeritud l\u00f5ngade loomisel.<\/p>","protected":false},"excerpt":{"rendered":"<h6>Villahelbed (wool nepps)<\/h6>\n<p>Poolt\u00f6\u00f6deldud meriinovillakiud (umbes 19 \u00b5m), \u00fcmarad, ebakorrap\u00e4rased.<\/p>\n<p>K\u00f5ik partiid vastavad MULESING FREE standardile. V\u00e4rvid vastavad Oeko Tex Standard 100 parameetritele.<\/p>\n<p>Minimaalne tellimus 10 g.<\/p>\n<p>&lt;i&gt; V\u00e4rve ei pruugita teie ekraanil \u00f5igesti kuvada. &lt;\/i&gt;<\/p>\n<p>P\u00e4ritolu &#8211; Austraalia ja L\u00f5una-Ameerika<br \/>\nTarnija: &lt;i&gt; DHG, Itaalia &lt;\/i&gt;<\/p>\n<p><strong><em>Hind on antud <span style=\"color: #ff0000;\">10g<\/span> eest.<\/em><\/strong><\/p>\n","protected":false},"featured_media":861199,"comment_status":"open","ping_status":"closed","template":"","meta":{"jetpack_publicize_message":"","jetpack_publicize_feature_enabled":true,"jetpack_social_post_already_shared":false,"jetpack_social_options":{"image_generator_settings":{"template":"highway","default_image_id":0,"font":"","enabled":false},"version":2}},"product_brand":[],"product_cat":[149,184],"product_tag":[],"class_list":{"0":"post-1287","1":"product","2":"type-product","3":"status-publish","4":"has-post-thumbnail","6":"product_cat-erinevad-kiud","7":"product_cat-wool-nepps","9":"first","10":"instock","11":"shipping-taxable","12":"purchasable","13":"product-type-simple"},"aioseo_notices":[],"jetpack_publicize_connections":[],"jetpack_sharing_enabled":true,"_links":{"self":[{"href":"https:\/\/ewestales.eu\/et\/wp-json\/wp\/v2\/product\/1287","targetHints":{"allow":["GET"]}}],"collection":[{"href":"https:\/\/ewestales.eu\/et\/wp-json\/wp\/v2\/product"}],"about":[{"href":"https:\/\/ewestales.eu\/et\/wp-json\/wp\/v2\/types\/product"}],"replies":[{"embeddable":true,"href":"https:\/\/ewestales.eu\/et\/wp-json\/wp\/v2\/comments?post=1287"}],"wp:featuredmedia":[{"embeddable":true,"href":"https:\/\/ewestales.eu\/et\/wp-json\/wp\/v2\/media\/861199"}],"wp:attachment":[{"href":"https:\/\/ewestales.eu\/et\/wp-json\/wp\/v2\/media?parent=1287"}],"wp:term":[{"taxonomy":"product_brand","embeddable":true,"href":"https:\/\/ewestales.eu\/et\/wp-json\/wp\/v2\/product_brand?post=1287"},{"taxonomy":"product_cat","embeddable":true,"href":"https:\/\/ewestales.eu\/et\/wp-json\/wp\/v2\/product_cat?post=1287"},{"taxonomy":"product_tag","embeddable":true,"href":"https:\/\/ewestales.eu\/et\/wp-json\/wp\/v2\/product_tag?post=1287"}],"curies":[{"name":"wp","href":"https:\/\/api.w.org\/{rel}","templated":true}]}}