{"id":3318,"date":"2016-03-05T20:49:09","date_gmt":"2016-03-05T18:49:09","guid":{"rendered":"http:\/\/ewestales.julianago.eu\/?product=cobalt-6"},"modified":"2023-06-12T19:59:21","modified_gmt":"2023-06-12T16:59:21","slug":"hemp-cobalt","status":"publish","type":"product","link":"https:\/\/ewestales.eu\/et\/product\/hemp-cobalt","title":{"rendered":"hemp Cobalt"},"content":{"rendered":"<p><strong>Kanepikiust tops (kammitud kanep).<\/strong> Kanepikiud (hemp) on pehme, tugev, vastupidav, m\u00f5jutuskindel, omadused ei muutu isegi 90 kraadi juures pestes. Ei v\u00f5imalda patogeensete mikroobide arengut, ei loo tingimusi, mis takistavad naha ainevahetusprotsesse. H\u00fcgieenilisuse tagavad loodusliku membraani omadused: looduslikud kiud ei tekita riiete all oleval pinnal kasvuhooneefekti, mis lubab nahal vabalt hingata.<\/p>\n<p>Ideaalne kaunistusteks viltimisel, k\u00e4sitsi ketramiseks.<\/p>","protected":false},"excerpt":{"rendered":"<h6><strong>Kanepikiust tops (kammitud kanep)<\/strong><\/h6>\n<p>Ideaalne kaunistusteks viltimisel, k\u00e4sitsi ketramiseks.<\/p>\n<p>Kaal: 20 g\/m.<br \/>\nLindi pikkus: 5 m 100 g<br \/>\n<em>P\u00e4ritolu:<\/em> Hiina.<\/p>\n<p>V\u00e4rvid vastavad Oeko Tex Standard 100 parameetritele.<br \/>\nValitud kogus saadetakse lindina pakendis. Minimaalne tellimus 10 g.<\/p>\n<p><em>V\u00e4rve ei pruugita teie ekraanil \u00f5igesti kuvada.<\/em><\/p>\n<p><em>Tarnija:<\/em> DHG, Itaalia<\/p>\n<p><strong><em>Hind on antud <span style=\"color: #ff0000;\">10 g<\/span> eest.<\/em><\/strong><\/p>\n","protected":false},"featured_media":862564,"comment_status":"open","ping_status":"closed","template":"","meta":{"jetpack_publicize_message":"","jetpack_publicize_feature_enabled":true,"jetpack_social_post_already_shared":false,"jetpack_social_options":{"image_generator_settings":{"template":"highway","default_image_id":0,"font":"","enabled":false},"version":2}},"product_brand":[],"product_cat":[149,179],"product_tag":[],"class_list":{"0":"post-3318","1":"product","2":"type-product","3":"status-publish","4":"has-post-thumbnail","6":"product_cat-erinevad-kiud","7":"product_cat-kanep","9":"first","10":"instock","11":"shipping-taxable","12":"purchasable","13":"product-type-simple"},"aioseo_notices":[],"jetpack_publicize_connections":[],"jetpack_sharing_enabled":true,"_links":{"self":[{"href":"https:\/\/ewestales.eu\/et\/wp-json\/wp\/v2\/product\/3318","targetHints":{"allow":["GET"]}}],"collection":[{"href":"https:\/\/ewestales.eu\/et\/wp-json\/wp\/v2\/product"}],"about":[{"href":"https:\/\/ewestales.eu\/et\/wp-json\/wp\/v2\/types\/product"}],"replies":[{"embeddable":true,"href":"https:\/\/ewestales.eu\/et\/wp-json\/wp\/v2\/comments?post=3318"}],"wp:featuredmedia":[{"embeddable":true,"href":"https:\/\/ewestales.eu\/et\/wp-json\/wp\/v2\/media\/862564"}],"wp:attachment":[{"href":"https:\/\/ewestales.eu\/et\/wp-json\/wp\/v2\/media?parent=3318"}],"wp:term":[{"taxonomy":"product_brand","embeddable":true,"href":"https:\/\/ewestales.eu\/et\/wp-json\/wp\/v2\/product_brand?post=3318"},{"taxonomy":"product_cat","embeddable":true,"href":"https:\/\/ewestales.eu\/et\/wp-json\/wp\/v2\/product_cat?post=3318"},{"taxonomy":"product_tag","embeddable":true,"href":"https:\/\/ewestales.eu\/et\/wp-json\/wp\/v2\/product_tag?post=3318"}],"curies":[{"name":"wp","href":"https:\/\/api.w.org\/{rel}","templated":true}]}}