{"id":3865,"date":"2016-04-03T00:15:29","date_gmt":"2016-04-02T21:15:29","guid":{"rendered":"http:\/\/ewestales.julianago.eu\/?product=manarola"},"modified":"2025-01-13T11:16:25","modified_gmt":"2025-01-13T09:16:25","slug":"tussa-fir","status":"publish","type":"product","link":"https:\/\/ewestales.eu\/et\/product\/tussa-fir","title":{"rendered":"Tussah Fir"},"content":{"rendered":"<p>Tussahi on metsiku siidiussi siidikiust saadud siid. Need siidiussid elavad vabalt looduses ja toituvad kase, tamme, mooruspuu ja teiste puude lehtedest. Siid peamised omadused: &#8211; ei t\u00f5mba tolmu ligi &#8211; h\u00fcgieeniline (siidis ei ela patogeenseid baktereid) &#8211; h\u00fcpoallergeenne (soovitatav allergikutele) &#8211; ei kaota aja jooksul s\u00e4ra \u2013 vastupidav venitusele<\/p>","protected":false},"excerpt":{"rendered":"<h6><strong>Kammitud siidiikiud (kammlint, top).<\/strong><\/h6>\n<p>Kaal: 20 g\/m.<br \/>\nLindi pikkus: 5 m 100 g<br \/>\nP\u00e4ritolu: Hiina.<br \/>\nV\u00e4rvid vastavad Oeko Tex Standard 100 parameetritele.<br \/>\nMinimaalne tellimus 10 g.<\/p>\n<p>Ideaalne viltimiseks, k\u00e4sitsi ketramiseks.<\/p>\n<p><em>V\u00e4rve ei pruugita teie ekraanil \u00f5igesti kuvada.<\/em>&nbsp;<\/p>\n<p>Hankija: <em>DHG, Itaalia<\/em><\/p>\n<p><strong><em>Hind on antud <span style=\"color: #ff0000;\">10g<\/span> eest.<\/em><\/strong><\/p>\n","protected":false},"featured_media":861546,"comment_status":"open","ping_status":"closed","template":"","meta":{"jetpack_publicize_message":"","jetpack_publicize_feature_enabled":true,"jetpack_social_post_already_shared":true,"jetpack_social_options":{"image_generator_settings":{"template":"highway","default_image_id":0,"font":"","enabled":false},"version":2}},"product_brand":[],"product_cat":[149,183],"product_tag":[1315],"class_list":{"0":"post-3865","1":"product","2":"type-product","3":"status-publish","4":"has-post-thumbnail","6":"product_cat-erinevad-kiud","7":"product_cat-tussah-siid","8":"product_tag-silk","10":"first","11":"outofstock","12":"shipping-taxable","13":"purchasable","14":"product-type-simple"},"aioseo_notices":[],"jetpack_publicize_connections":[],"jetpack_sharing_enabled":true,"_links":{"self":[{"href":"https:\/\/ewestales.eu\/et\/wp-json\/wp\/v2\/product\/3865","targetHints":{"allow":["GET"]}}],"collection":[{"href":"https:\/\/ewestales.eu\/et\/wp-json\/wp\/v2\/product"}],"about":[{"href":"https:\/\/ewestales.eu\/et\/wp-json\/wp\/v2\/types\/product"}],"replies":[{"embeddable":true,"href":"https:\/\/ewestales.eu\/et\/wp-json\/wp\/v2\/comments?post=3865"}],"wp:featuredmedia":[{"embeddable":true,"href":"https:\/\/ewestales.eu\/et\/wp-json\/wp\/v2\/media\/861546"}],"wp:attachment":[{"href":"https:\/\/ewestales.eu\/et\/wp-json\/wp\/v2\/media?parent=3865"}],"wp:term":[{"taxonomy":"product_brand","embeddable":true,"href":"https:\/\/ewestales.eu\/et\/wp-json\/wp\/v2\/product_brand?post=3865"},{"taxonomy":"product_cat","embeddable":true,"href":"https:\/\/ewestales.eu\/et\/wp-json\/wp\/v2\/product_cat?post=3865"},{"taxonomy":"product_tag","embeddable":true,"href":"https:\/\/ewestales.eu\/et\/wp-json\/wp\/v2\/product_tag?post=3865"}],"curies":[{"name":"wp","href":"https:\/\/api.w.org\/{rel}","templated":true}]}}