{"id":3879,"date":"2021-02-14T20:00:21","date_gmt":"2021-02-14T18:00:21","guid":{"rendered":"http:\/\/ewestales.julianago.eu\/?product=viltimisnoel-nr-40"},"modified":"2025-07-01T18:21:22","modified_gmt":"2025-07-01T15:21:22","slug":"felting-needle-n40","status":"publish","type":"product","link":"https:\/\/ewestales.eu\/et\/product\/felting-needle-n40","title":{"rendered":"Viltimisn\u00f5el N40"},"content":{"rendered":"<p>N40<\/p>\n","protected":false},"excerpt":{"rendered":"<p>N40<\/p>\n<p>Peen, v\u00e4ga terav n\u00f5el k\u00f5va vildi jaoks. N\u00f5el suudab kiude transportida suhteliselt s\u00fcgavale.<\/p>\n<p>J\u00e4medus: 40<br \/>\nKogupikkus: 78mm<\/p>\n","protected":false},"featured_media":857891,"comment_status":"open","ping_status":"closed","template":"","meta":{"jetpack_publicize_message":"","jetpack_publicize_feature_enabled":true,"jetpack_social_post_already_shared":false,"jetpack_social_options":{"image_generator_settings":{"template":"highway","default_image_id":0,"font":"","enabled":false},"version":2}},"product_brand":[],"product_cat":[150,1299],"product_tag":[],"class_list":{"0":"post-3879","1":"product","2":"type-product","3":"status-publish","4":"has-post-thumbnail","6":"product_cat-tools","7":"product_cat-needles","8":"pa_kogus-1261","9":"pa_kogus-1262","11":"first","12":"instock","13":"shipping-taxable","14":"purchasable","15":"product-type-variable"},"aioseo_notices":[],"jetpack_publicize_connections":[],"jetpack_sharing_enabled":true,"_links":{"self":[{"href":"https:\/\/ewestales.eu\/et\/wp-json\/wp\/v2\/product\/3879","targetHints":{"allow":["GET"]}}],"collection":[{"href":"https:\/\/ewestales.eu\/et\/wp-json\/wp\/v2\/product"}],"about":[{"href":"https:\/\/ewestales.eu\/et\/wp-json\/wp\/v2\/types\/product"}],"replies":[{"embeddable":true,"href":"https:\/\/ewestales.eu\/et\/wp-json\/wp\/v2\/comments?post=3879"}],"wp:featuredmedia":[{"embeddable":true,"href":"https:\/\/ewestales.eu\/et\/wp-json\/wp\/v2\/media\/857891"}],"wp:attachment":[{"href":"https:\/\/ewestales.eu\/et\/wp-json\/wp\/v2\/media?parent=3879"}],"wp:term":[{"taxonomy":"product_brand","embeddable":true,"href":"https:\/\/ewestales.eu\/et\/wp-json\/wp\/v2\/product_brand?post=3879"},{"taxonomy":"product_cat","embeddable":true,"href":"https:\/\/ewestales.eu\/et\/wp-json\/wp\/v2\/product_cat?post=3879"},{"taxonomy":"product_tag","embeddable":true,"href":"https:\/\/ewestales.eu\/et\/wp-json\/wp\/v2\/product_tag?post=3879"}],"curies":[{"name":"wp","href":"https:\/\/api.w.org\/{rel}","templated":true}]}}