{"id":3962,"date":"2016-04-13T19:33:23","date_gmt":"2016-04-13T16:33:23","guid":{"rendered":"http:\/\/ewestales.julianago.eu\/?product=sari-17"},"modified":"2023-09-17T15:22:25","modified_gmt":"2023-09-17T12:22:25","slug":"sari-17","status":"publish","type":"product","link":"https:\/\/ewestales.eu\/et\/product\/sari-17","title":{"rendered":"Sari 17"},"content":{"rendered":"<p><\/p>\n<h6>SIIDL\u00d5NG SARI<\/h6>\n<p>Originaalsed sari niidid on lisavad mistahes teie tootele omap\u00e4ra. Need niidid koosnevad v\u00e4ga peenikestest eriv\u00e4rvilistest naturaalsest siidiniitidest, mis on omavahel kokku p\u00f5imitud. Neid v\u00f5ib teha kohevaks ja siis omandab toote pind hoopis teistsuguse tekstuuri. Pildil olev v\u00e4rv v\u00f5ib erineda originaalist, kuna&#8230; kogu materjal on valmistatud ja v\u00e4rvitud k\u00e4sitsi.<\/p>\n<p>Ideaalne vilditud asjade dekoreerimiseks.<\/p>","protected":false},"excerpt":{"rendered":"<h6>Siidil\u00f5ng Sari<\/h6>\n<p>L\u00f5ng koosneb v\u00e4ga peenikestest eriv\u00e4rvilistest naturaalsest siidiniitidest, mis on omavahel kokku p\u00f5imitud.<\/p>\n<p>Valitud kogus saadetakse pideva ribana \u00fches pakis. Minimaalne tellimus 1 m.<\/p>\n<p>Materjal: <em>siid<br \/>\n<\/em>P\u00e4ritolumaa: <em>India<\/em>.<\/p>\n<p><em>Teie kuvar v\u00f5ib moonutada v\u00e4rve.&lt;\/i&gt;<\/em><\/p>\n<p><strong><em>Hind on antud <span style=\"color: #ff0000;\">1 meetri <\/span>eest.<\/em><\/strong><\/p>\n","protected":false},"featured_media":862652,"comment_status":"open","ping_status":"closed","template":"","meta":{"jetpack_publicize_message":"","jetpack_publicize_feature_enabled":true,"jetpack_social_post_already_shared":true,"jetpack_social_options":{"image_generator_settings":{"template":"highway","default_image_id":0,"font":"","enabled":false},"version":2}},"product_brand":[],"product_cat":[1162],"product_tag":[],"class_list":{"0":"post-3962","1":"product","2":"type-product","3":"status-publish","4":"has-post-thumbnail","6":"product_cat-sari-long","8":"first","9":"instock","10":"shipping-taxable","11":"purchasable","12":"product-type-simple"},"aioseo_notices":[],"jetpack_publicize_connections":[],"jetpack_sharing_enabled":true,"_links":{"self":[{"href":"https:\/\/ewestales.eu\/et\/wp-json\/wp\/v2\/product\/3962","targetHints":{"allow":["GET"]}}],"collection":[{"href":"https:\/\/ewestales.eu\/et\/wp-json\/wp\/v2\/product"}],"about":[{"href":"https:\/\/ewestales.eu\/et\/wp-json\/wp\/v2\/types\/product"}],"replies":[{"embeddable":true,"href":"https:\/\/ewestales.eu\/et\/wp-json\/wp\/v2\/comments?post=3962"}],"wp:featuredmedia":[{"embeddable":true,"href":"https:\/\/ewestales.eu\/et\/wp-json\/wp\/v2\/media\/862652"}],"wp:attachment":[{"href":"https:\/\/ewestales.eu\/et\/wp-json\/wp\/v2\/media?parent=3962"}],"wp:term":[{"taxonomy":"product_brand","embeddable":true,"href":"https:\/\/ewestales.eu\/et\/wp-json\/wp\/v2\/product_brand?post=3962"},{"taxonomy":"product_cat","embeddable":true,"href":"https:\/\/ewestales.eu\/et\/wp-json\/wp\/v2\/product_cat?post=3962"},{"taxonomy":"product_tag","embeddable":true,"href":"https:\/\/ewestales.eu\/et\/wp-json\/wp\/v2\/product_tag?post=3962"}],"curies":[{"name":"wp","href":"https:\/\/api.w.org\/{rel}","templated":true}]}}