{"id":4552,"date":"2023-09-10T14:40:53","date_gmt":"2023-09-10T11:40:53","guid":{"rendered":"http:\/\/ewestales.julianago.eu\/?product=viltimisnoel-nr-38"},"modified":"2026-04-09T13:08:13","modified_gmt":"2026-04-09T10:08:13","slug":"felting-needle-nr-38","status":"publish","type":"product","link":"https:\/\/ewestales.eu\/et\/product\/felting-needle-nr-38","title":{"rendered":"Viltimisn\u00f5el N38 Star"},"content":{"rendered":"<p>N38 Star<\/p>\n","protected":false},"excerpt":{"rendered":"<p>N38 Star<\/p>\n<p>T\u00e4hen\u00f5el. Peen spetsiaalne pinnat\u00f6\u00f6tlusn\u00f5el, mis ei t\u00f6\u00f6ta nii s\u00fcgavalt, kuid on pinnal v\u00e4ga t\u00f5hus.<br \/>\nJ\u00e4medus: 38<br \/>\nPikkus: 78mm<br \/>\nOmadused: T\u00e4hen\u00f5el<\/p>\n","protected":false},"featured_media":857889,"comment_status":"open","ping_status":"closed","template":"","meta":{"jetpack_publicize_message":"Viltimisn\u00f5el N38 Star","jetpack_publicize_feature_enabled":true,"jetpack_social_post_already_shared":true,"jetpack_social_options":{"image_generator_settings":{"template":"highway","default_image_id":0,"font":"","enabled":false},"version":2}},"product_brand":[],"product_cat":[150,1299],"product_tag":[],"class_list":{"0":"post-4552","1":"product","2":"type-product","3":"status-publish","4":"has-post-thumbnail","6":"product_cat-tools","7":"product_cat-needles","8":"pa_kogus-1261","9":"pa_kogus-1262","11":"first","12":"instock","13":"shipping-taxable","14":"purchasable","15":"product-type-variable"},"aioseo_notices":[],"jetpack_publicize_connections":[],"jetpack_sharing_enabled":true,"_links":{"self":[{"href":"https:\/\/ewestales.eu\/et\/wp-json\/wp\/v2\/product\/4552","targetHints":{"allow":["GET"]}}],"collection":[{"href":"https:\/\/ewestales.eu\/et\/wp-json\/wp\/v2\/product"}],"about":[{"href":"https:\/\/ewestales.eu\/et\/wp-json\/wp\/v2\/types\/product"}],"replies":[{"embeddable":true,"href":"https:\/\/ewestales.eu\/et\/wp-json\/wp\/v2\/comments?post=4552"}],"wp:featuredmedia":[{"embeddable":true,"href":"https:\/\/ewestales.eu\/et\/wp-json\/wp\/v2\/media\/857889"}],"wp:attachment":[{"href":"https:\/\/ewestales.eu\/et\/wp-json\/wp\/v2\/media?parent=4552"}],"wp:term":[{"taxonomy":"product_brand","embeddable":true,"href":"https:\/\/ewestales.eu\/et\/wp-json\/wp\/v2\/product_brand?post=4552"},{"taxonomy":"product_cat","embeddable":true,"href":"https:\/\/ewestales.eu\/et\/wp-json\/wp\/v2\/product_cat?post=4552"},{"taxonomy":"product_tag","embeddable":true,"href":"https:\/\/ewestales.eu\/et\/wp-json\/wp\/v2\/product_tag?post=4552"}],"curies":[{"name":"wp","href":"https:\/\/api.w.org\/{rel}","templated":true}]}}