{"id":4978,"date":"2017-01-19T17:44:26","date_gmt":"2017-01-19T15:44:26","guid":{"rendered":"http:\/\/ewestales.julianago.eu\/?product=21-orange"},"modified":"2026-03-09T21:45:14","modified_gmt":"2026-03-09T19:45:14","slug":"21-orange","status":"publish","type":"product","link":"https:\/\/ewestales.eu\/et\/product\/21-orange","title":{"rendered":"21 Orange"},"content":{"rendered":"<p><span lang=\"ET\">Saksa tehases IDEEN valmistatud austraalia meriinovill. Villa peenus 19,5 mikronit, pikk kiu. Antud hetkel peetakse seda parimaks villaks v\u00f5rreldes teiste analoogsete vabrikute toodanguga. Pakutav vill on pehme, katsudes v\u00e4ga \u00f5rn, kerge viltida, annab sileda pinna. Sobib nii kuiv- kui m\u00e4rgviltimseks, nunoviltimiseks ning ketramiseks.<\/span><\/p>\n<p><strong><em>Hind on antud <span style=\"color: #ff0000\">50g<\/span> eest.<\/em><\/strong><\/p>","protected":false},"excerpt":{"rendered":"<p><span lang=\"ET\">Saksa tehases IDEEN valmistatud austraalia meriinovill. Villa peenus 19,5 mikronit, pikk kiu. Antud hetkel peetakse seda parimaks villaks v\u00f5rreldes teiste analoogsete vabrikute toodanguga. Pakutav vill on pehme, katsudes v\u00e4ga \u00f5rn, kerge viltida, annab sileda pinna. Sobib nii kuiv- kui m\u00e4rgviltimseks, nunoviltimiseks ning ketramiseks.<\/span><\/p>\n<p><strong><em>Hind on antud <span style=\"color: #ff0000\">50g<\/span> eest.<\/em><\/strong><\/p>\n","protected":false},"featured_media":862483,"comment_status":"open","ping_status":"closed","template":"","meta":{"jetpack_publicize_message":"","jetpack_publicize_feature_enabled":true,"jetpack_social_post_already_shared":true,"jetpack_social_options":{"image_generator_settings":{"template":"highway","default_image_id":0,"font":"","enabled":false},"version":2}},"product_brand":[],"product_cat":[1210,1211],"product_tag":[1328,1321,1259],"class_list":{"0":"post-4978","1":"product","2":"type-product","3":"status-publish","4":"has-post-thumbnail","6":"product_cat-meriinovill-19-ideen","7":"product_cat-tops","8":"product_tag-merino","9":"product_tag-orange","10":"product_tag-wool","12":"first","13":"instock","14":"shipping-taxable","15":"purchasable","16":"product-type-simple"},"aioseo_notices":[],"jetpack_publicize_connections":[],"jetpack_sharing_enabled":true,"_links":{"self":[{"href":"https:\/\/ewestales.eu\/et\/wp-json\/wp\/v2\/product\/4978","targetHints":{"allow":["GET"]}}],"collection":[{"href":"https:\/\/ewestales.eu\/et\/wp-json\/wp\/v2\/product"}],"about":[{"href":"https:\/\/ewestales.eu\/et\/wp-json\/wp\/v2\/types\/product"}],"replies":[{"embeddable":true,"href":"https:\/\/ewestales.eu\/et\/wp-json\/wp\/v2\/comments?post=4978"}],"wp:featuredmedia":[{"embeddable":true,"href":"https:\/\/ewestales.eu\/et\/wp-json\/wp\/v2\/media\/862483"}],"wp:attachment":[{"href":"https:\/\/ewestales.eu\/et\/wp-json\/wp\/v2\/media?parent=4978"}],"wp:term":[{"taxonomy":"product_brand","embeddable":true,"href":"https:\/\/ewestales.eu\/et\/wp-json\/wp\/v2\/product_brand?post=4978"},{"taxonomy":"product_cat","embeddable":true,"href":"https:\/\/ewestales.eu\/et\/wp-json\/wp\/v2\/product_cat?post=4978"},{"taxonomy":"product_tag","embeddable":true,"href":"https:\/\/ewestales.eu\/et\/wp-json\/wp\/v2\/product_tag?post=4978"}],"curies":[{"name":"wp","href":"https:\/\/api.w.org\/{rel}","templated":true}]}}