{"id":5668,"date":"2017-12-19T23:36:26","date_gmt":"2017-12-19T21:36:26","guid":{"rendered":"http:\/\/ewestales.julianago.eu\/?product=cloud-5-2-4"},"modified":"2023-06-27T12:52:01","modified_gmt":"2023-06-27T09:52:01","slug":"silkhankies-rust","status":"publish","type":"product","link":"https:\/\/ewestales.eu\/et\/product\/silkhankies-rust","title":{"rendered":"Silk Hankies Rust"},"content":{"rendered":"<p>Siidir\u00e4tikud on valmistatud parimast siidist, mis on saadud siidikookonite venitamisel spetsiaalsele ruudukujulisele raamile. R\u00e4tikud saab jagada kihtideks (12 kihti 10 grammis). V\u00f5imalik on t\u00e4iesti erinev r\u00e4tikute paigutus. Siidi ennast ei vildita, seda kasutatakse koos muu villaga m\u00e4rgviltimise ja nunotehnikas. Kasutatakse seda dekoori m\u00fctside, sallide, susside, riiete, lambikuplite jms valmistamiseks.<\/p>\n<p>Ketramata siidist valmistatud siidir\u00e4tikud loovad ainulaadse l\u00e4bipaistva \u00e4mblikuv\u00f5rgu efekti (marmori efekt). S\u00e4rab kaunilt p\u00e4ikese k\u00e4es ja lampide valguses.<\/p>","protected":false},"excerpt":{"rendered":"<h6>Siidiruut Mawata&nbsp;<\/h6>\n<p>Suurus 25&#215;25 cm.<\/p>\n<p>V\u00e4rvid vastavad Oeko Tex Standard 100 parameetritele.<\/p>\n<p>&lt;i&gt; V\u00e4rve ei pruugita teie ekraanil \u00f5igesti kuvada. &lt;\/i&gt;<\/p>\n<p>Tarnija: &lt;i&gt; DHG, Itaalia &lt;\/i&gt;<\/p>\n<p><strong><em>Hind on antud <span style=\"color: #ff0000;\">10g<\/span> eest.<\/em><\/strong><\/p>\n","protected":false},"featured_media":862578,"comment_status":"open","ping_status":"closed","template":"","meta":{"jetpack_publicize_message":"","jetpack_publicize_feature_enabled":true,"jetpack_social_post_already_shared":true,"jetpack_social_options":{"image_generator_settings":{"template":"highway","default_image_id":0,"font":"","enabled":false},"version":2}},"product_brand":[],"product_cat":[149,188],"product_tag":[1315],"class_list":{"0":"post-5668","1":"product","2":"type-product","3":"status-publish","4":"has-post-thumbnail","6":"product_cat-erinevad-kiud","7":"product_cat-silk-hankies","8":"product_tag-silk","10":"first","11":"instock","12":"shipping-taxable","13":"purchasable","14":"product-type-simple"},"aioseo_notices":[],"jetpack_publicize_connections":[],"jetpack_sharing_enabled":true,"_links":{"self":[{"href":"https:\/\/ewestales.eu\/et\/wp-json\/wp\/v2\/product\/5668","targetHints":{"allow":["GET"]}}],"collection":[{"href":"https:\/\/ewestales.eu\/et\/wp-json\/wp\/v2\/product"}],"about":[{"href":"https:\/\/ewestales.eu\/et\/wp-json\/wp\/v2\/types\/product"}],"replies":[{"embeddable":true,"href":"https:\/\/ewestales.eu\/et\/wp-json\/wp\/v2\/comments?post=5668"}],"wp:featuredmedia":[{"embeddable":true,"href":"https:\/\/ewestales.eu\/et\/wp-json\/wp\/v2\/media\/862578"}],"wp:attachment":[{"href":"https:\/\/ewestales.eu\/et\/wp-json\/wp\/v2\/media?parent=5668"}],"wp:term":[{"taxonomy":"product_brand","embeddable":true,"href":"https:\/\/ewestales.eu\/et\/wp-json\/wp\/v2\/product_brand?post=5668"},{"taxonomy":"product_cat","embeddable":true,"href":"https:\/\/ewestales.eu\/et\/wp-json\/wp\/v2\/product_cat?post=5668"},{"taxonomy":"product_tag","embeddable":true,"href":"https:\/\/ewestales.eu\/et\/wp-json\/wp\/v2\/product_tag?post=5668"}],"curies":[{"name":"wp","href":"https:\/\/api.w.org\/{rel}","templated":true}]}}