{"id":730,"date":"2020-04-21T23:10:26","date_gmt":"2020-04-21T20:10:26","guid":{"rendered":"http:\/\/ewestales.julianago.eu\/?post_type=product&#038;p=730"},"modified":"2026-03-22T18:14:48","modified_gmt":"2026-03-22T16:14:48","slug":"latex","status":"publish","type":"product","link":"https:\/\/ewestales.eu\/et\/product\/latex","title":{"rendered":"Latex"},"content":{"rendered":"<p>Kasutatakse vilditud susside taldade t\u00f6\u00f6tlemiseks. Soovitav panna m\u00e4rjale esemele.<\/p>\n<p><img data-recalc-dims=\"1\" loading=\"lazy\" decoding=\"async\" class=\"alignnone size-medium wp-image-861543\" src=\"https:\/\/i0.wp.com\/ewestales.eu\/wp-content\/uploads\/2020\/04\/latex-box.jpg?resize=182%2C300\" alt=\"latex\" width=\"182\" height=\"300\" srcset=\"https:\/\/i0.wp.com\/ewestales.eu\/wp-content\/uploads\/2020\/04\/latex-box.jpg?resize=182%2C300&amp;ssl=1 182w, https:\/\/i0.wp.com\/ewestales.eu\/wp-content\/uploads\/2020\/04\/latex-box.jpg?resize=91%2C150&amp;ssl=1 91w, https:\/\/i0.wp.com\/ewestales.eu\/wp-content\/uploads\/2020\/04\/latex-box.jpg?resize=400%2C659&amp;ssl=1 400w, https:\/\/i0.wp.com\/ewestales.eu\/wp-content\/uploads\/2020\/04\/latex-box.jpg?resize=380%2C626&amp;ssl=1 380w, https:\/\/i0.wp.com\/ewestales.eu\/wp-content\/uploads\/2020\/04\/latex-box.jpg?w=464&amp;ssl=1 464w\" sizes=\"auto, (max-width: 182px) 100vw, 182px\" \/><\/p>\n<p>Pakend 100 ml<\/p>","protected":false},"excerpt":{"rendered":"<p><a href=\"http:\/\/ewestales.julianago.eu\/wp-content\/uploads\/2015\/11\/latexBot.jpg\"><img loading=\"lazy\" decoding=\"async\" class=\"alignnone size-medium wp-image-861543\" src=\"http:\/\/ewestales.eu\/wp-content\/uploads\/2020\/04\/latex-box-182x300.jpg\" alt=\"latex\" width=\"182\" height=\"300\" srcset=\"https:\/\/i0.wp.com\/ewestales.eu\/wp-content\/uploads\/2020\/04\/latex-box.jpg?resize=182%2C300&amp;ssl=1 182w, https:\/\/i0.wp.com\/ewestales.eu\/wp-content\/uploads\/2020\/04\/latex-box.jpg?resize=91%2C150&amp;ssl=1 91w, https:\/\/i0.wp.com\/ewestales.eu\/wp-content\/uploads\/2020\/04\/latex-box.jpg?resize=400%2C659&amp;ssl=1 400w, https:\/\/i0.wp.com\/ewestales.eu\/wp-content\/uploads\/2020\/04\/latex-box.jpg?resize=380%2C626&amp;ssl=1 380w, https:\/\/i0.wp.com\/ewestales.eu\/wp-content\/uploads\/2020\/04\/latex-box.jpg?w=464&amp;ssl=1 464w\" sizes=\"auto, (max-width: 182px) 100vw, 182px\" \/><\/a><\/p>\n<p>Pakend 100 ml.<\/p>\n","protected":false},"featured_media":859984,"comment_status":"open","ping_status":"closed","template":"","meta":{"jetpack_publicize_message":"","jetpack_publicize_feature_enabled":true,"jetpack_social_post_already_shared":true,"jetpack_social_options":{"image_generator_settings":{"template":"highway","default_image_id":0,"font":"","enabled":false},"version":2}},"product_brand":[],"product_cat":[150],"product_tag":[1304],"class_list":{"0":"post-730","1":"product","2":"type-product","3":"status-publish","4":"has-post-thumbnail","6":"product_cat-tools","7":"product_tag-sussid","9":"first","10":"outofstock","11":"shipping-taxable","12":"purchasable","13":"product-type-simple"},"aioseo_notices":[],"jetpack_publicize_connections":[],"jetpack_sharing_enabled":true,"_links":{"self":[{"href":"https:\/\/ewestales.eu\/et\/wp-json\/wp\/v2\/product\/730","targetHints":{"allow":["GET"]}}],"collection":[{"href":"https:\/\/ewestales.eu\/et\/wp-json\/wp\/v2\/product"}],"about":[{"href":"https:\/\/ewestales.eu\/et\/wp-json\/wp\/v2\/types\/product"}],"replies":[{"embeddable":true,"href":"https:\/\/ewestales.eu\/et\/wp-json\/wp\/v2\/comments?post=730"}],"wp:featuredmedia":[{"embeddable":true,"href":"https:\/\/ewestales.eu\/et\/wp-json\/wp\/v2\/media\/859984"}],"wp:attachment":[{"href":"https:\/\/ewestales.eu\/et\/wp-json\/wp\/v2\/media?parent=730"}],"wp:term":[{"taxonomy":"product_brand","embeddable":true,"href":"https:\/\/ewestales.eu\/et\/wp-json\/wp\/v2\/product_brand?post=730"},{"taxonomy":"product_cat","embeddable":true,"href":"https:\/\/ewestales.eu\/et\/wp-json\/wp\/v2\/product_cat?post=730"},{"taxonomy":"product_tag","embeddable":true,"href":"https:\/\/ewestales.eu\/et\/wp-json\/wp\/v2\/product_tag?post=730"}],"curies":[{"name":"wp","href":"https:\/\/api.w.org\/{rel}","templated":true}]}}