{"id":751,"date":"2020-11-10T20:35:41","date_gmt":"2020-11-10T18:35:41","guid":{"rendered":"http:\/\/ewestales.julianago.eu\/?post_type=product&#038;p=751"},"modified":"2026-02-09T14:37:09","modified_gmt":"2026-02-09T12:37:09","slug":"felting-needle-n30","status":"publish","type":"product","link":"https:\/\/ewestales.eu\/et\/product\/felting-needle-n30","title":{"rendered":"Viltimisn\u00f5el N30"},"content":{"rendered":"<p>N30<\/p>","protected":false},"excerpt":{"rendered":"<p>N30<\/p>\n<p>See j\u00e4medam viltimisn\u00f5el on antud valikus k\u00f5ige agressiivsem viltimisn\u00f5el. N\u00f5elal on kokku 12 t\u00e4ket ja see sobib suurep\u00e4raselt j\u00e4medale villale.<\/p>\n<p>J\u00e4medus: 30<br \/>\nKogupikkus: 78mm<\/p>\n","protected":false},"featured_media":857892,"comment_status":"open","ping_status":"closed","template":"","meta":{"jetpack_publicize_message":"","jetpack_publicize_feature_enabled":true,"jetpack_social_post_already_shared":false,"jetpack_social_options":{"image_generator_settings":{"template":"highway","default_image_id":0,"font":"","enabled":false},"version":2}},"product_brand":[],"product_cat":[150,1299],"product_tag":[1300],"class_list":{"0":"post-751","1":"product","2":"type-product","3":"status-publish","4":"has-post-thumbnail","6":"product_cat-tools","7":"product_cat-needles","8":"product_tag-needle","9":"pa_kogus-1261","10":"pa_kogus-1262","12":"first","13":"instock","14":"shipping-taxable","15":"purchasable","16":"product-type-variable","17":"has-default-attributes"},"aioseo_notices":[],"jetpack_publicize_connections":[],"jetpack_sharing_enabled":true,"_links":{"self":[{"href":"https:\/\/ewestales.eu\/et\/wp-json\/wp\/v2\/product\/751","targetHints":{"allow":["GET"]}}],"collection":[{"href":"https:\/\/ewestales.eu\/et\/wp-json\/wp\/v2\/product"}],"about":[{"href":"https:\/\/ewestales.eu\/et\/wp-json\/wp\/v2\/types\/product"}],"replies":[{"embeddable":true,"href":"https:\/\/ewestales.eu\/et\/wp-json\/wp\/v2\/comments?post=751"}],"wp:featuredmedia":[{"embeddable":true,"href":"https:\/\/ewestales.eu\/et\/wp-json\/wp\/v2\/media\/857892"}],"wp:attachment":[{"href":"https:\/\/ewestales.eu\/et\/wp-json\/wp\/v2\/media?parent=751"}],"wp:term":[{"taxonomy":"product_brand","embeddable":true,"href":"https:\/\/ewestales.eu\/et\/wp-json\/wp\/v2\/product_brand?post=751"},{"taxonomy":"product_cat","embeddable":true,"href":"https:\/\/ewestales.eu\/et\/wp-json\/wp\/v2\/product_cat?post=751"},{"taxonomy":"product_tag","embeddable":true,"href":"https:\/\/ewestales.eu\/et\/wp-json\/wp\/v2\/product_tag?post=751"}],"curies":[{"name":"wp","href":"https:\/\/api.w.org\/{rel}","templated":true}]}}