{"id":849,"date":"2015-11-11T17:24:22","date_gmt":"2015-11-29T21:55:27","guid":{"rendered":"http:\/\/ewestales.julianago.eu\/product\/52-orchid\/"},"modified":"2026-04-09T13:00:48","modified_gmt":"2026-04-09T10:00:48","slug":"merino19-orchid","status":"publish","type":"product","link":"https:\/\/ewestales.eu\/et\/product\/merino19-orchid","title":{"rendered":"414.Orchid"},"content":{"rendered":"<p><\/p>\n<h6><strong>Austraalian meriinovill 19 mic.<\/strong><\/h6>\n<p>Kammitud vill (top) \u00fclipeenest merinovillast (umbes 19 mikronit).<br \/>\nSobib m\u00e4rg-, kuivviltimiseks, nunoviltimiseks, ketramiseks, suurkudumiteks. See vill sobib suurep\u00e4raselt delikaatsete toodete \u2013 kinnaste, palantiinide, riiete (sh lasteriiete) valmistamiseks.<\/p>\n<p>&nbsp;<\/p>","protected":false},"excerpt":{"rendered":"<h6><b>Austraalian meriinovill 19 mic.<\/b><\/h6>\n<p>Riba mass: umbes 23 g \/ m \u2013 0,81 oz\/yd<br \/>\nRiba pikkus: umbes 4 m \u2013 4 jardi 100 g \u2013 3,5 oz<br \/>\nK\u00f5ik partiid vastavad MULESING FREE standardile. V\u00e4rvained vastavad Oeko Tex Standard 100 n\u00e4itajatele.<br \/>\nValitud kogus saadetakse pakendis \u00fche ribana. Minimaalne kogus 50 g.<br \/>\n<i>Kuvar v\u00f5ib muuta v\u00e4rve.<\/i><\/p>\n<p>Hankija:&nbsp;<i>DHG, Itaalia<\/i><\/p>\n<p><strong>Hind on antud <span style=\"color: #ff0000;\">50g<\/span> eest<\/strong>.<\/p>\n","protected":false},"featured_media":862535,"comment_status":"open","ping_status":"closed","template":"","meta":{"jetpack_publicize_message":"","jetpack_publicize_feature_enabled":true,"jetpack_social_post_already_shared":false,"jetpack_social_options":{"image_generator_settings":{"template":"highway","default_image_id":0,"font":"","enabled":false},"version":2}},"product_brand":[],"product_cat":[10,1211],"product_tag":[],"class_list":{"0":"post-849","1":"product","2":"type-product","3":"status-publish","4":"has-post-thumbnail","6":"product_cat-austraalian-merino","7":"product_cat-tops","9":"first","10":"instock","11":"shipping-taxable","12":"purchasable","13":"product-type-simple"},"aioseo_notices":[],"jetpack_publicize_connections":[],"jetpack_sharing_enabled":true,"_links":{"self":[{"href":"https:\/\/ewestales.eu\/et\/wp-json\/wp\/v2\/product\/849","targetHints":{"allow":["GET"]}}],"collection":[{"href":"https:\/\/ewestales.eu\/et\/wp-json\/wp\/v2\/product"}],"about":[{"href":"https:\/\/ewestales.eu\/et\/wp-json\/wp\/v2\/types\/product"}],"replies":[{"embeddable":true,"href":"https:\/\/ewestales.eu\/et\/wp-json\/wp\/v2\/comments?post=849"}],"wp:featuredmedia":[{"embeddable":true,"href":"https:\/\/ewestales.eu\/et\/wp-json\/wp\/v2\/media\/862535"}],"wp:attachment":[{"href":"https:\/\/ewestales.eu\/et\/wp-json\/wp\/v2\/media?parent=849"}],"wp:term":[{"taxonomy":"product_brand","embeddable":true,"href":"https:\/\/ewestales.eu\/et\/wp-json\/wp\/v2\/product_brand?post=849"},{"taxonomy":"product_cat","embeddable":true,"href":"https:\/\/ewestales.eu\/et\/wp-json\/wp\/v2\/product_cat?post=849"},{"taxonomy":"product_tag","embeddable":true,"href":"https:\/\/ewestales.eu\/et\/wp-json\/wp\/v2\/product_tag?post=849"}],"curies":[{"name":"wp","href":"https:\/\/api.w.org\/{rel}","templated":true}]}}