{"id":859291,"date":"2021-11-27T16:13:32","date_gmt":"2021-11-27T14:13:32","guid":{"rendered":"https:\/\/ewestales.eu\/?post_type=product&#038;p=859291"},"modified":"2025-11-22T11:35:34","modified_gmt":"2025-11-22T09:35:34","slug":"bergschaf-50brown50white","status":"publish","type":"product","link":"https:\/\/ewestales.eu\/et\/product\/bergschaf-50brown50white","title":{"rendered":"Bergschaf 50brown50white"},"content":{"rendered":"<p>Bergschaf kraasitud vill 29-30 mic. Saksamaa<\/p>\n<p><img data-recalc-dims=\"1\" loading=\"lazy\" decoding=\"async\" class=\"alignnone size-medium wp-image-859193\" src=\"https:\/\/i0.wp.com\/ewestales.eu\/wp-content\/uploads\/2020\/03\/Tiroler_Bergschaf_klein-370x267.jpg?resize=370%2C267&#038;ssl=1\" alt=\"Bergschaf\" width=\"370\" height=\"267\" srcset=\"https:\/\/i0.wp.com\/ewestales.eu\/wp-content\/uploads\/2020\/03\/Tiroler_Bergschaf_klein-scaled.jpg?resize=370%2C267&amp;ssl=1 370w, https:\/\/i0.wp.com\/ewestales.eu\/wp-content\/uploads\/2020\/03\/Tiroler_Bergschaf_klein-scaled.jpg?resize=1499%2C1080&amp;ssl=1 1499w, https:\/\/i0.wp.com\/ewestales.eu\/wp-content\/uploads\/2020\/03\/Tiroler_Bergschaf_klein-scaled.jpg?resize=208%2C150&amp;ssl=1 208w, https:\/\/i0.wp.com\/ewestales.eu\/wp-content\/uploads\/2020\/03\/Tiroler_Bergschaf_klein-scaled.jpg?resize=1536%2C1106&amp;ssl=1 1536w, https:\/\/i0.wp.com\/ewestales.eu\/wp-content\/uploads\/2020\/03\/Tiroler_Bergschaf_klein-scaled.jpg?resize=2048%2C1475&amp;ssl=1 2048w, https:\/\/i0.wp.com\/ewestales.eu\/wp-content\/uploads\/2020\/03\/Tiroler_Bergschaf_klein-scaled.jpg?resize=400%2C288&amp;ssl=1 400w, https:\/\/i0.wp.com\/ewestales.eu\/wp-content\/uploads\/2020\/03\/Tiroler_Bergschaf_klein-scaled.jpg?resize=380%2C274&amp;ssl=1 380w, https:\/\/i0.wp.com\/ewestales.eu\/wp-content\/uploads\/2020\/03\/Tiroler_Bergschaf_klein-scaled.jpg?w=2560 2560w\" sizes=\"auto, (max-width: 370px) 100vw, 370px\" \/><\/p>","protected":false},"excerpt":{"rendered":"<h6>Bergschaf vill<\/h6>\n<p>29-30 mic. sobib m\u00e4rg- , kuivviltimiseks, ketramiseks. Eriti hea kottide, susside ja \u00f5ue jalatsite viltimiseks. V\u00e4ga naturaalne, l\u00f5hnab lammastega ja sees v\u00f5ivad olla v\u00e4ikesi heina osakesi.<\/p>\n<p>100 g &#8211; 3,50 euro (35 euro\/kg)<br \/>\n1 kg &#8211; 32 euro (32 euro\/kg)<\/p>\n","protected":false},"featured_media":859195,"comment_status":"open","ping_status":"closed","template":"","meta":{"jetpack_publicize_message":"","jetpack_publicize_feature_enabled":true,"jetpack_social_post_already_shared":true,"jetpack_social_options":{"image_generator_settings":{"template":"highway","default_image_id":0,"font":"","enabled":false},"version":2}},"product_brand":[],"product_cat":[174],"product_tag":[],"class_list":{"0":"post-859291","1":"product","2":"type-product","3":"status-publish","4":"has-post-thumbnail","6":"product_cat-bergschaf","7":"pa_kaal-1kg","8":"pa_kaal-100g","10":"first","11":"outofstock","12":"shipping-taxable","13":"purchasable","14":"product-type-variable"},"aioseo_notices":[],"jetpack_publicize_connections":[],"jetpack_sharing_enabled":true,"_links":{"self":[{"href":"https:\/\/ewestales.eu\/et\/wp-json\/wp\/v2\/product\/859291","targetHints":{"allow":["GET"]}}],"collection":[{"href":"https:\/\/ewestales.eu\/et\/wp-json\/wp\/v2\/product"}],"about":[{"href":"https:\/\/ewestales.eu\/et\/wp-json\/wp\/v2\/types\/product"}],"replies":[{"embeddable":true,"href":"https:\/\/ewestales.eu\/et\/wp-json\/wp\/v2\/comments?post=859291"}],"wp:featuredmedia":[{"embeddable":true,"href":"https:\/\/ewestales.eu\/et\/wp-json\/wp\/v2\/media\/859195"}],"wp:attachment":[{"href":"https:\/\/ewestales.eu\/et\/wp-json\/wp\/v2\/media?parent=859291"}],"wp:term":[{"taxonomy":"product_brand","embeddable":true,"href":"https:\/\/ewestales.eu\/et\/wp-json\/wp\/v2\/product_brand?post=859291"},{"taxonomy":"product_cat","embeddable":true,"href":"https:\/\/ewestales.eu\/et\/wp-json\/wp\/v2\/product_cat?post=859291"},{"taxonomy":"product_tag","embeddable":true,"href":"https:\/\/ewestales.eu\/et\/wp-json\/wp\/v2\/product_tag?post=859291"}],"curies":[{"name":"wp","href":"https:\/\/api.w.org\/{rel}","templated":true}]}}