{"id":859897,"date":"2021-12-28T22:00:23","date_gmt":"2021-12-28T20:00:23","guid":{"rendered":"https:\/\/ewestales.eu\/?post_type=product&#038;p=859897"},"modified":"2025-10-16T21:29:27","modified_gmt":"2025-10-16T18:29:27","slug":"margviltimise-kastekann","status":"publish","type":"product","link":"https:\/\/ewestales.eu\/et\/product\/margviltimise-kastekann","title":{"rendered":"Pirn-du\u0161\u0161 viltimiseks"},"content":{"rendered":"<p>Kui t\u00f6\u00f6tad meriinovillaga v\u00f5i kiududega, siis antud kastekann on asendamatu riist t\u00f6\u00f6 tegemisel.<\/p>","protected":false},"excerpt":{"rendered":"<p>Mugav ja kvaliteetne kastekann-du\u0161\u0161 vildi niisutamiseks t\u00f6\u00f6 k\u00e4igus.<br \/>\nAntud viltimisdu\u0161\u0161 on asendamatu t\u00f6\u00f6riist eriti art deco stiilis viltimise ja mustrite tegemisel.<br \/>\nKummipirnil on eriti tugev kumm, mis on vastupidav ka k\u00f5rgemale veetemperatuurile.<\/p>\n<p>Maht: 250 ml<br \/>\n\u00dcldk\u00f5rgus: umbes 20 cm (kummipirni k\u00f5rgus: umbes 11 cm)<br \/>\nKummipirni l\u00e4bim\u00f5\u00f5t: umbes 8 cm.<br \/>\nMetallist tila l\u00e4bim\u00f5\u00f5t: umbes 3cm.<br \/>\nTootja: Saksamaa<\/p>\n","protected":false},"featured_media":861652,"comment_status":"open","ping_status":"closed","template":"","meta":{"jetpack_publicize_message":"","jetpack_publicize_feature_enabled":true,"jetpack_social_post_already_shared":true,"jetpack_social_options":{"image_generator_settings":{"template":"highway","default_image_id":0,"font":"","enabled":false},"version":2}},"product_brand":[],"product_cat":[150],"product_tag":[],"class_list":{"0":"post-859897","1":"product","2":"type-product","3":"status-publish","4":"has-post-thumbnail","6":"product_cat-tools","8":"first","9":"instock","10":"shipping-taxable","11":"purchasable","12":"product-type-variable","13":"has-default-attributes"},"aioseo_notices":[],"jetpack_publicize_connections":[],"jetpack_sharing_enabled":true,"_links":{"self":[{"href":"https:\/\/ewestales.eu\/et\/wp-json\/wp\/v2\/product\/859897","targetHints":{"allow":["GET"]}}],"collection":[{"href":"https:\/\/ewestales.eu\/et\/wp-json\/wp\/v2\/product"}],"about":[{"href":"https:\/\/ewestales.eu\/et\/wp-json\/wp\/v2\/types\/product"}],"replies":[{"embeddable":true,"href":"https:\/\/ewestales.eu\/et\/wp-json\/wp\/v2\/comments?post=859897"}],"wp:featuredmedia":[{"embeddable":true,"href":"https:\/\/ewestales.eu\/et\/wp-json\/wp\/v2\/media\/861652"}],"wp:attachment":[{"href":"https:\/\/ewestales.eu\/et\/wp-json\/wp\/v2\/media?parent=859897"}],"wp:term":[{"taxonomy":"product_brand","embeddable":true,"href":"https:\/\/ewestales.eu\/et\/wp-json\/wp\/v2\/product_brand?post=859897"},{"taxonomy":"product_cat","embeddable":true,"href":"https:\/\/ewestales.eu\/et\/wp-json\/wp\/v2\/product_cat?post=859897"},{"taxonomy":"product_tag","embeddable":true,"href":"https:\/\/ewestales.eu\/et\/wp-json\/wp\/v2\/product_tag?post=859897"}],"curies":[{"name":"wp","href":"https:\/\/api.w.org\/{rel}","templated":true}]}}