{"id":859979,"date":"2021-11-29T23:40:05","date_gmt":"2021-11-29T21:40:05","guid":{"rendered":"https:\/\/ewestales.eu\/?post_type=product&#038;p=859979"},"modified":"2025-02-09T21:07:23","modified_gmt":"2025-02-09T19:07:23","slug":"merino-22mk-beez","status":"publish","type":"product","link":"https:\/\/ewestales.eu\/et\/product\/merino-22mk-beez","title":{"rendered":"Meriinovill Bee\u017e"},"content":{"rendered":"","protected":false},"excerpt":{"rendered":"<h6>Meriinovill<\/h6>\n<p><span lang=\"ET\">Saksa tehases Wollknoll valmistatud austraalia meriinovill. Villa peenus 22 mikronit, pikk kiu. Loodusliku valge ja bee\u017e villav\u00e4rvi segu. Pakutav vill on pehme, katsudes v\u00e4ga \u00f5rn, kerge viltida, annab sileda pinna. Sobib nii kuiv- kui m\u00e4rgviltimseks, nunoviltimiseks ning ketramiseks.<\/span><\/p>\n<p><strong><em>Hind on antud <span style=\"color: #ff0000;\">50g<\/span> eest.<\/em><\/strong><\/p>\n","protected":false},"featured_media":859980,"comment_status":"open","ping_status":"closed","template":"","meta":{"jetpack_publicize_message":"","jetpack_publicize_feature_enabled":true,"jetpack_social_post_already_shared":true,"jetpack_social_options":{"image_generator_settings":{"template":"highway","default_image_id":0,"font":"","enabled":false},"version":2}},"product_brand":[],"product_cat":[1265,1211],"product_tag":[1270,1259],"class_list":{"0":"post-859979","1":"product","2":"type-product","3":"status-publish","4":"has-post-thumbnail","6":"product_cat-merino-wollknoll-22","7":"product_cat-tops","8":"product_tag-merinowool","9":"product_tag-wool","11":"first","12":"instock","13":"shipping-taxable","14":"purchasable","15":"product-type-simple"},"aioseo_notices":[],"jetpack_publicize_connections":[],"jetpack_sharing_enabled":true,"_links":{"self":[{"href":"https:\/\/ewestales.eu\/et\/wp-json\/wp\/v2\/product\/859979","targetHints":{"allow":["GET"]}}],"collection":[{"href":"https:\/\/ewestales.eu\/et\/wp-json\/wp\/v2\/product"}],"about":[{"href":"https:\/\/ewestales.eu\/et\/wp-json\/wp\/v2\/types\/product"}],"replies":[{"embeddable":true,"href":"https:\/\/ewestales.eu\/et\/wp-json\/wp\/v2\/comments?post=859979"}],"wp:featuredmedia":[{"embeddable":true,"href":"https:\/\/ewestales.eu\/et\/wp-json\/wp\/v2\/media\/859980"}],"wp:attachment":[{"href":"https:\/\/ewestales.eu\/et\/wp-json\/wp\/v2\/media?parent=859979"}],"wp:term":[{"taxonomy":"product_brand","embeddable":true,"href":"https:\/\/ewestales.eu\/et\/wp-json\/wp\/v2\/product_brand?post=859979"},{"taxonomy":"product_cat","embeddable":true,"href":"https:\/\/ewestales.eu\/et\/wp-json\/wp\/v2\/product_cat?post=859979"},{"taxonomy":"product_tag","embeddable":true,"href":"https:\/\/ewestales.eu\/et\/wp-json\/wp\/v2\/product_tag?post=859979"}],"curies":[{"name":"wp","href":"https:\/\/api.w.org\/{rel}","templated":true}]}}