{"id":860048,"date":"2021-11-29T22:10:26","date_gmt":"2021-11-29T20:10:26","guid":{"rendered":"https:\/\/ewestales.eu\/?post_type=product&#038;p=860048"},"modified":"2022-03-05T12:31:50","modified_gmt":"2022-03-05T10:31:50","slug":"nzmerino-dots-red","status":"publish","type":"product","link":"https:\/\/ewestales.eu\/et\/product\/nzmerino-dots-red","title":{"rendered":"NZmerino dots Red"},"content":{"rendered":"<p><\/p>\n<h6>Uus-Meremaa meriino kraasvill v\u00e4rviliste puuvillaste t\u00e4ppidega. 27 mic<\/h6>\n<p>Hankija:&nbsp;<i>Wollknoll, Saksamaa<\/i><\/p>","protected":false},"excerpt":{"rendered":"<h6>Uus-Meremaa meriino kraasvill v\u00e4rviliste puuvillaste t\u00e4ppidega. 27 mic<\/h6>\n<p>Lisandite ja taimsete j\u00e4\u00e4kideta. Vill on meeldiv k\u00e4ega katsudes, suurep\u00e4raste viltimisomandustega. Mitmev\u00e4rvilised puuvillased t\u00e4pid annavad tootele erksust juurde. V\u00e4rvained vastavad Oeko Tex Standard 100 n\u00e4itajatele.<\/p>\n<p>Vill sobib v\u00e4ga h\u00e4sti kottide, susside, \u00fcler\u00f5ivaste ja muude esemete valmistamiseks. Antud villa eeliste hindamiseks tuleb lihtsalt proovida sellega t\u00f6\u00f6tada.<\/p>\n<p>50 g &#8211; 2,8 euro (56 euro\/kg)<br \/>\n100 g &#8211; 5,20 euro (52 euro\/kg)<\/p>\n<p>&nbsp;<\/p>\n","protected":false},"featured_media":860051,"comment_status":"open","ping_status":"closed","template":"","meta":{"jetpack_publicize_message":"","jetpack_publicize_feature_enabled":true,"jetpack_social_post_already_shared":true,"jetpack_social_options":{"image_generator_settings":{"template":"highway","default_image_id":0,"font":"","enabled":false},"version":2}},"product_brand":[],"product_cat":[1268],"product_tag":[1271,1270,1231],"class_list":{"0":"post-860048","1":"product","2":"type-product","3":"status-publish","4":"has-post-thumbnail","6":"product_cat-more-carded-wool","7":"product_tag-cardedwool","8":"product_tag-merinowool","9":"product_tag-red","10":"pa_kaal-100g","11":"pa_kaal-50-g","13":"first","14":"instock","15":"shipping-taxable","16":"purchasable","17":"product-type-variable"},"aioseo_notices":[],"jetpack_publicize_connections":[],"jetpack_sharing_enabled":true,"_links":{"self":[{"href":"https:\/\/ewestales.eu\/et\/wp-json\/wp\/v2\/product\/860048","targetHints":{"allow":["GET"]}}],"collection":[{"href":"https:\/\/ewestales.eu\/et\/wp-json\/wp\/v2\/product"}],"about":[{"href":"https:\/\/ewestales.eu\/et\/wp-json\/wp\/v2\/types\/product"}],"replies":[{"embeddable":true,"href":"https:\/\/ewestales.eu\/et\/wp-json\/wp\/v2\/comments?post=860048"}],"wp:featuredmedia":[{"embeddable":true,"href":"https:\/\/ewestales.eu\/et\/wp-json\/wp\/v2\/media\/860051"}],"wp:attachment":[{"href":"https:\/\/ewestales.eu\/et\/wp-json\/wp\/v2\/media?parent=860048"}],"wp:term":[{"taxonomy":"product_brand","embeddable":true,"href":"https:\/\/ewestales.eu\/et\/wp-json\/wp\/v2\/product_brand?post=860048"},{"taxonomy":"product_cat","embeddable":true,"href":"https:\/\/ewestales.eu\/et\/wp-json\/wp\/v2\/product_cat?post=860048"},{"taxonomy":"product_tag","embeddable":true,"href":"https:\/\/ewestales.eu\/et\/wp-json\/wp\/v2\/product_tag?post=860048"}],"curies":[{"name":"wp","href":"https:\/\/api.w.org\/{rel}","templated":true}]}}