{"id":861463,"date":"2023-09-10T14:15:43","date_gmt":"2023-09-10T11:15:43","guid":{"rendered":"https:\/\/ewestales.eu\/?post_type=product&#038;p=861463"},"modified":"2026-03-17T11:50:07","modified_gmt":"2026-03-17T09:50:07","slug":"felting-needle-n32-revers","status":"publish","type":"product","link":"https:\/\/ewestales.eu\/et\/product\/felting-needle-n32-revers","title":{"rendered":"Viltimisn\u00f5el N32 Revers"},"content":{"rendered":"<p>N32 Revers<\/p>\n","protected":false},"excerpt":{"rendered":"<p>N32 Revers<\/p>\n<p>See j\u00e4me, reversiivne n\u00f5el mitte ei vii kiude kangasse, vaid toob need kangast v\u00e4lja. Soovitame seda n\u00f5ela toodetele, mis ei ole veel k\u00f5vaks l\u00e4inud, ja j\u00e4medama villa jaoks.<br \/>\nT\u00e4kked paiknevad tavap\u00e4rase viltimisn\u00f5elaga v\u00f5rreldes vastupidises suunas. N\u00e4iteks saab selle n\u00f5ela abil teha pallist suurema vaevata \u201ckoheva\u201d karvapalli. See n\u00f5el sobib teile, kui soovite teha v\u00e4ikesi karvaseid loomi v\u00f5i erinevaid efekte k\u00f5vematele esemetele.<\/p>\n<p>J\u00e4medus: 32<br \/>\nKogupikkus: 78mm<br \/>\nOmadused: reversiivne<\/p>\n","protected":false},"featured_media":857888,"comment_status":"open","ping_status":"closed","template":"","meta":{"jetpack_publicize_message":"","jetpack_publicize_feature_enabled":true,"jetpack_social_post_already_shared":true,"jetpack_social_options":{"image_generator_settings":{"template":"highway","default_image_id":0,"font":"","enabled":false},"version":2}},"product_brand":[],"product_cat":[150,1299],"product_tag":[],"class_list":{"0":"post-861463","1":"product","2":"type-product","3":"status-publish","4":"has-post-thumbnail","6":"product_cat-tools","7":"product_cat-needles","8":"pa_kogus-1261","9":"pa_kogus-1262","11":"first","12":"instock","13":"shipping-taxable","14":"purchasable","15":"product-type-variable"},"aioseo_notices":[],"jetpack_publicize_connections":[],"jetpack_sharing_enabled":true,"_links":{"self":[{"href":"https:\/\/ewestales.eu\/et\/wp-json\/wp\/v2\/product\/861463","targetHints":{"allow":["GET"]}}],"collection":[{"href":"https:\/\/ewestales.eu\/et\/wp-json\/wp\/v2\/product"}],"about":[{"href":"https:\/\/ewestales.eu\/et\/wp-json\/wp\/v2\/types\/product"}],"replies":[{"embeddable":true,"href":"https:\/\/ewestales.eu\/et\/wp-json\/wp\/v2\/comments?post=861463"}],"wp:featuredmedia":[{"embeddable":true,"href":"https:\/\/ewestales.eu\/et\/wp-json\/wp\/v2\/media\/857888"}],"wp:attachment":[{"href":"https:\/\/ewestales.eu\/et\/wp-json\/wp\/v2\/media?parent=861463"}],"wp:term":[{"taxonomy":"product_brand","embeddable":true,"href":"https:\/\/ewestales.eu\/et\/wp-json\/wp\/v2\/product_brand?post=861463"},{"taxonomy":"product_cat","embeddable":true,"href":"https:\/\/ewestales.eu\/et\/wp-json\/wp\/v2\/product_cat?post=861463"},{"taxonomy":"product_tag","embeddable":true,"href":"https:\/\/ewestales.eu\/et\/wp-json\/wp\/v2\/product_tag?post=861463"}],"curies":[{"name":"wp","href":"https:\/\/api.w.org\/{rel}","templated":true}]}}