{"id":861481,"date":"2026-02-05T20:09:31","date_gmt":"2026-02-05T18:09:31","guid":{"rendered":"https:\/\/ewestales.eu\/?post_type=product&#038;p=861481"},"modified":"2026-02-09T00:10:01","modified_gmt":"2026-02-08T22:10:01","slug":"felting-needle-n43","status":"publish","type":"product","link":"https:\/\/ewestales.eu\/et\/product\/felting-needle-n43","title":{"rendered":"Viltimisn\u00f5el N43 Strong"},"content":{"rendered":"<p>N43 Strong<\/p>\n","protected":false},"excerpt":{"rendered":"<p>N43 Strong<\/p>\n<p>See \u00fclipeen viltimisn\u00f5el on meie parim viltimisn\u00f5el selles valikus. Ideaalne eriti raskete vildide jaoks. See on nii \u00f5huke, et augud on peaaegu n\u00e4htamatud. See on parim viltimisn\u00f5el, mille suutsime leida ja soovitame k\u00e4sitsi viltimiseks. K\u00f5ik testitud veelgi peenemad viltimisn\u00f5elad murdusid v\u00e4ga kiiresti.<\/p>\n<p>J\u00e4medus: 43<br \/>\nKogupikkus: 78mm<\/p>\n","protected":false},"featured_media":857891,"comment_status":"open","ping_status":"closed","template":"","meta":{"jetpack_publicize_message":"","jetpack_publicize_feature_enabled":true,"jetpack_social_post_already_shared":true,"jetpack_social_options":{"image_generator_settings":{"template":"highway","default_image_id":0,"font":"","enabled":false},"version":2}},"product_brand":[],"product_cat":[150,1299],"product_tag":[1300],"class_list":{"0":"post-861481","1":"product","2":"type-product","3":"status-publish","4":"has-post-thumbnail","6":"product_cat-tools","7":"product_cat-needles","8":"product_tag-needle","9":"pa_kogus-1261","10":"pa_kogus-1262","12":"first","13":"instock","14":"shipping-taxable","15":"purchasable","16":"product-type-variable"},"aioseo_notices":[],"jetpack_publicize_connections":[],"jetpack_sharing_enabled":true,"_links":{"self":[{"href":"https:\/\/ewestales.eu\/et\/wp-json\/wp\/v2\/product\/861481","targetHints":{"allow":["GET"]}}],"collection":[{"href":"https:\/\/ewestales.eu\/et\/wp-json\/wp\/v2\/product"}],"about":[{"href":"https:\/\/ewestales.eu\/et\/wp-json\/wp\/v2\/types\/product"}],"replies":[{"embeddable":true,"href":"https:\/\/ewestales.eu\/et\/wp-json\/wp\/v2\/comments?post=861481"}],"wp:featuredmedia":[{"embeddable":true,"href":"https:\/\/ewestales.eu\/et\/wp-json\/wp\/v2\/media\/857891"}],"wp:attachment":[{"href":"https:\/\/ewestales.eu\/et\/wp-json\/wp\/v2\/media?parent=861481"}],"wp:term":[{"taxonomy":"product_brand","embeddable":true,"href":"https:\/\/ewestales.eu\/et\/wp-json\/wp\/v2\/product_brand?post=861481"},{"taxonomy":"product_cat","embeddable":true,"href":"https:\/\/ewestales.eu\/et\/wp-json\/wp\/v2\/product_cat?post=861481"},{"taxonomy":"product_tag","embeddable":true,"href":"https:\/\/ewestales.eu\/et\/wp-json\/wp\/v2\/product_tag?post=861481"}],"curies":[{"name":"wp","href":"https:\/\/api.w.org\/{rel}","templated":true}]}}