{"id":861486,"date":"2022-11-12T19:00:14","date_gmt":"2022-11-12T17:00:14","guid":{"rendered":"https:\/\/ewestales.eu\/?post_type=product&#038;p=861486"},"modified":"2026-02-02T16:04:03","modified_gmt":"2026-02-02T14:04:03","slug":"eelvilt-prefelt","status":"publish","type":"product","link":"https:\/\/ewestales.eu\/et\/product\/eelvilt-prefelt","title":{"rendered":"Eelvilt (prefelt)"},"content":{"rendered":"<p><strong>Eelvilt (prefelt) <\/strong>on mittekootud villane kangas, mis on valmistatud n\u00f5eltorkemasinatega. See on \u201epooleldi vilditud\u201c vilt, villakiud on \u00fchendatud stabiilseks kangaks, kuid mis ei ole piisavalt tugev, et seda saaks kasutada iseseisva materjalina. V\u00e4liselt n\u00e4eb see v\u00e4lja nagu kobe kangas.<\/p>\n<p>Seda kasutatakse m\u00e4rgviltimise alusena, toodete kaunistamise, a\u017euurefektide, aplikatsioonide, shibori tehnika ja palju muu loomiseks&#8230; Isikup\u00e4rase disaini loomiseks saab seda dekoreerida &nbsp;ka muude kiudude, villa, l\u00f5ngadega.<\/p>\n<p>S\u00e4\u00e4stab aega, mille oleksite kulutanud \u00f5hukese vildi \u00fchtlasele laotamisele ja esmasele viltimisele. Eelvildi tohutu pluss on see, et k\u00f5ik keerukad elemendid saab sellest k\u00e4\u00e4ridega v\u00e4lja l\u00f5igata ja kinnitada need detailid villale, kangale &#8230; elemendid j\u00e4\u00e4vad selgepiiriliseks ja kinnituvad kergesti aluse k\u00fclge.<\/p>\n<p>Kanga paksus on umbes 2,5\u20133 mm. (Paksema vildi saamiseks saab t\u00f6\u00f6tamise ajal \u00fcksteise peale laduda 2 (v\u00f5i enam) kihti).<\/p>\n<p>&nbsp;<\/p>","protected":false},"excerpt":{"rendered":"<p>Toodud on jooksva meetri hind<\/p>\n<p>kuni 10 m &#8211; 19 euro\/jm<br \/>\n10 m &#8211; 160 euro (16 euro\/jm)<\/p>\n<p><em>Paksus:<\/em> 2,5\u20133 mm<br \/>\n<em>Villa peenus:&nbsp;<\/em>umbes 19,5 mikronit<br \/>\n<em>Laius:<\/em> 140 cm<br \/>\n<em>Tihedus:<\/em> umbes 100-110 g\/m2&nbsp;<br \/>\n<em>Villa p\u00e4ritolu:<\/em> L\u00f5una-Ameerika<\/p>\n<p>&nbsp;<\/p>\n","protected":false},"featured_media":861485,"comment_status":"open","ping_status":"closed","template":"","meta":{"jetpack_publicize_message":"Eelvilt (Prefelt)","jetpack_publicize_feature_enabled":true,"jetpack_social_post_already_shared":true,"jetpack_social_options":{"image_generator_settings":{"template":"highway","default_image_id":0,"font":"","enabled":false},"version":2}},"product_brand":[],"product_cat":[1298],"product_tag":[1309,1290],"class_list":{"0":"post-861486","1":"product","2":"type-product","3":"status-publish","4":"has-post-thumbnail","6":"product_cat-prefelt","7":"product_tag-prefelt","8":"product_tag-white","9":"pa_kogus-1261","10":"pa_kogus-1262","12":"first","13":"instock","14":"shipping-taxable","15":"purchasable","16":"product-type-variable"},"aioseo_notices":[],"jetpack_publicize_connections":[],"jetpack_sharing_enabled":true,"_links":{"self":[{"href":"https:\/\/ewestales.eu\/et\/wp-json\/wp\/v2\/product\/861486","targetHints":{"allow":["GET"]}}],"collection":[{"href":"https:\/\/ewestales.eu\/et\/wp-json\/wp\/v2\/product"}],"about":[{"href":"https:\/\/ewestales.eu\/et\/wp-json\/wp\/v2\/types\/product"}],"replies":[{"embeddable":true,"href":"https:\/\/ewestales.eu\/et\/wp-json\/wp\/v2\/comments?post=861486"}],"wp:featuredmedia":[{"embeddable":true,"href":"https:\/\/ewestales.eu\/et\/wp-json\/wp\/v2\/media\/861485"}],"wp:attachment":[{"href":"https:\/\/ewestales.eu\/et\/wp-json\/wp\/v2\/media?parent=861486"}],"wp:term":[{"taxonomy":"product_brand","embeddable":true,"href":"https:\/\/ewestales.eu\/et\/wp-json\/wp\/v2\/product_brand?post=861486"},{"taxonomy":"product_cat","embeddable":true,"href":"https:\/\/ewestales.eu\/et\/wp-json\/wp\/v2\/product_cat?post=861486"},{"taxonomy":"product_tag","embeddable":true,"href":"https:\/\/ewestales.eu\/et\/wp-json\/wp\/v2\/product_tag?post=861486"}],"curies":[{"name":"wp","href":"https:\/\/api.w.org\/{rel}","templated":true}]}}