{"id":861686,"date":"2021-06-11T15:57:33","date_gmt":"2021-06-11T12:57:33","guid":{"rendered":"https:\/\/ewestales.eu\/?post_type=product&#038;p=861686"},"modified":"2024-02-24T15:09:27","modified_gmt":"2024-02-24T13:09:27","slug":"viscose-coral","status":"publish","type":"product","link":"https:\/\/ewestales.eu\/et\/product\/viscose-coral","title":{"rendered":"Viscose Coral"},"content":{"rendered":"<p><strong>Kammitud viskoosikiud (kammlint, top).&nbsp;<\/strong>Viskooskiud on kunstlik kiud, mis saadakse loodusliku tselluloosi t\u00f6\u00f6tlemisel.&nbsp;Ilusa l\u00e4ikega pehme siidine kiud imab h\u00e4sti niiskust, ei p\u00f5hjusta allergilisi reaktsioone, ei tekita staatilist elektrit.&nbsp;Suurep\u00e4rane ja odav materjal viltimisel dekoratiivsete efektide loomiseks.<\/p>","protected":false},"excerpt":{"rendered":"<p><strong>Kammitud viskoosikiud (kammlint, top).<\/strong><\/p>\n<p>Kaal: 25 g\/m.<br \/>\nLindi pikkus: 4 m 100 g<br \/>\n<em>P\u00e4ritolu:<\/em> Hiina.<br \/>\nV\u00e4rvid vastavad Oeko Tex Standard 100 parameetritele.<br \/>\nValitud kogus saadetakse lindina pakendis. Minimaalne tellimus 25 g.<\/p>\n<p><em>Hankija:<\/em> DHG, Itaalia<\/p>\n<p>Ideaalne viltimiseks, k\u00e4sitsi ketramiseks.<\/p>\n<p><em>V\u00e4rve ei pruugita teie ekraanil \u00f5igesti kuvada.<\/em><\/p>\n<p><strong><em>Hind on antud&nbsp;<span style=\"color: #ff0000;\">25 g <\/span>eest.<\/em><\/strong><\/p>\n","protected":false},"featured_media":861687,"comment_status":"open","ping_status":"closed","template":"","meta":{"jetpack_publicize_message":"","jetpack_publicize_feature_enabled":true,"jetpack_social_post_already_shared":true,"jetpack_social_options":{"image_generator_settings":{"template":"highway","default_image_id":0,"font":"","enabled":false},"version":2}},"product_brand":[],"product_cat":[1240,176],"product_tag":[1313],"class_list":{"0":"post-861686","1":"product","2":"type-product","3":"status-publish","4":"has-post-thumbnail","6":"product_cat-itaalia-viskoos","7":"product_cat-viscose","8":"product_tag-viscose","10":"first","11":"instock","12":"shipping-taxable","13":"purchasable","14":"product-type-simple"},"aioseo_notices":[],"jetpack_publicize_connections":[],"jetpack_sharing_enabled":true,"_links":{"self":[{"href":"https:\/\/ewestales.eu\/et\/wp-json\/wp\/v2\/product\/861686","targetHints":{"allow":["GET"]}}],"collection":[{"href":"https:\/\/ewestales.eu\/et\/wp-json\/wp\/v2\/product"}],"about":[{"href":"https:\/\/ewestales.eu\/et\/wp-json\/wp\/v2\/types\/product"}],"replies":[{"embeddable":true,"href":"https:\/\/ewestales.eu\/et\/wp-json\/wp\/v2\/comments?post=861686"}],"wp:featuredmedia":[{"embeddable":true,"href":"https:\/\/ewestales.eu\/et\/wp-json\/wp\/v2\/media\/861687"}],"wp:attachment":[{"href":"https:\/\/ewestales.eu\/et\/wp-json\/wp\/v2\/media?parent=861686"}],"wp:term":[{"taxonomy":"product_brand","embeddable":true,"href":"https:\/\/ewestales.eu\/et\/wp-json\/wp\/v2\/product_brand?post=861686"},{"taxonomy":"product_cat","embeddable":true,"href":"https:\/\/ewestales.eu\/et\/wp-json\/wp\/v2\/product_cat?post=861686"},{"taxonomy":"product_tag","embeddable":true,"href":"https:\/\/ewestales.eu\/et\/wp-json\/wp\/v2\/product_tag?post=861686"}],"curies":[{"name":"wp","href":"https:\/\/api.w.org\/{rel}","templated":true}]}}