{"id":862307,"date":"2022-12-11T20:18:02","date_gmt":"2022-12-11T18:18:02","guid":{"rendered":"https:\/\/ewestales.eu\/?post_type=product&#038;p=862307"},"modified":"2025-05-29T13:13:32","modified_gmt":"2025-05-29T10:13:32","slug":"margilaan-siid-excelsior-85-cm","status":"publish","type":"product","link":"https:\/\/ewestales.eu\/et\/product\/margilaan-siid-excelsior-85-cm","title":{"rendered":"Margilaan siid Excelsior (85 cm)"},"content":{"rendered":"<p><\/p>\n<h6>Naturaalne siid.<\/h6>\n<p><span lang=\"ET\">Sile, meeldiva l\u00e4ikega kangas.\u00a0<\/span><span lang=\"ET\">See on kerge ning tihedam kui gaasriie. Kangas on v\u00e4ga \u00f5huke, kuid tihe, kasutatakse batikatehnikas, viltimiseks, nunoviltimiseks, \u00f6koprindis, naiste riiete \u00f5mblemiseks.<\/span><\/p>\n<p><span lang=\"ET\">Hind on antud 1 jm eest.<\/span><\/p>","protected":false},"excerpt":{"rendered":"<h6>Naturaalne siid<\/h6>\n<p>laius 85 sm<br \/>\ntihedus 40-48 niiti 1 cm kohta<\/p>\n<p><em><strong>Hind s\u00f5ltub kogusest<\/strong><\/em><\/p>\n<p>kuni 10 m &#8211; 8 euro \/ m<\/p>\n<p>10 m &#8211; 7,70 euro \/ m<\/p>\n<p>20 m &#8211; 7,50 euro \/ m<\/p>\n","protected":false},"featured_media":861809,"comment_status":"open","ping_status":"closed","template":"","meta":{"jetpack_publicize_message":"","jetpack_publicize_feature_enabled":true,"jetpack_social_post_already_shared":true,"jetpack_social_options":{"image_generator_settings":{"template":"highway","default_image_id":0,"font":"","enabled":false},"version":2}},"product_brand":[],"product_cat":[181],"product_tag":[1315],"class_list":{"0":"post-862307","1":"product","2":"type-product","3":"status-publish","4":"has-post-thumbnail","6":"product_cat-siidikangas","7":"product_tag-silk","8":"pa_kogus-1261","9":"pa_kogus-1262","10":"pa_kogus-1263","12":"first","13":"instock","14":"shipping-taxable","15":"purchasable","16":"product-type-variable"},"aioseo_notices":[],"jetpack_publicize_connections":[],"jetpack_sharing_enabled":true,"_links":{"self":[{"href":"https:\/\/ewestales.eu\/et\/wp-json\/wp\/v2\/product\/862307","targetHints":{"allow":["GET"]}}],"collection":[{"href":"https:\/\/ewestales.eu\/et\/wp-json\/wp\/v2\/product"}],"about":[{"href":"https:\/\/ewestales.eu\/et\/wp-json\/wp\/v2\/types\/product"}],"replies":[{"embeddable":true,"href":"https:\/\/ewestales.eu\/et\/wp-json\/wp\/v2\/comments?post=862307"}],"wp:featuredmedia":[{"embeddable":true,"href":"https:\/\/ewestales.eu\/et\/wp-json\/wp\/v2\/media\/861809"}],"wp:attachment":[{"href":"https:\/\/ewestales.eu\/et\/wp-json\/wp\/v2\/media?parent=862307"}],"wp:term":[{"taxonomy":"product_brand","embeddable":true,"href":"https:\/\/ewestales.eu\/et\/wp-json\/wp\/v2\/product_brand?post=862307"},{"taxonomy":"product_cat","embeddable":true,"href":"https:\/\/ewestales.eu\/et\/wp-json\/wp\/v2\/product_cat?post=862307"},{"taxonomy":"product_tag","embeddable":true,"href":"https:\/\/ewestales.eu\/et\/wp-json\/wp\/v2\/product_tag?post=862307"}],"curies":[{"name":"wp","href":"https:\/\/api.w.org\/{rel}","templated":true}]}}