{"id":862665,"date":"2023-07-03T16:22:08","date_gmt":"2023-07-03T13:22:08","guid":{"rendered":"https:\/\/ewestales.eu\/?post_type=product&#038;p=862665"},"modified":"2026-04-24T15:52:16","modified_gmt":"2026-04-24T12:52:16","slug":"villalokid","status":"publish","type":"product","link":"https:\/\/ewestales.eu\/et\/product\/villalokid","title":{"rendered":"Villalokid"},"content":{"rendered":"<p><\/p>\n<h6>Villak\u00e4harad (lokid)<\/h6>\n<p>K\u00e4haraid ehk lokke kasutatakse erinevate vilditud toodete \u2013 r\u00f5ivaste, aksessuaaride, kottide, m\u00e4nguasjade ja sisustusesemete \u2013 kaunistamiseks ja tekstuuride loomiseks. Viltimise k\u00e4igus kinnituvad lokid kindlalt villa k\u00fclge, s\u00e4ilitades oma struktuuri. Neid saab t\u00e4ielikult sisse viltida v\u00f5i otsad vabaks j\u00e4ttes luua karusnahaefekte. Lokke kasutatakse ka ketramisel ja nukujuuste loomiseks.<\/p>","protected":false},"excerpt":{"rendered":"<h6>Keskmiselt pehmed hea keeruga k\u00e4harad.<\/h6>\n<h6>Ei ole pestud lokid.<\/h6>\n<p>Ilusat kreemvalget v\u00e4rvi.<\/p>\n<p>Lokipikkus 7-15 sm.<\/p>\n<p>Hankija: <em>Eesti<\/em><\/p>\n<p><em><strong>Hind s\u00f5ltub kogusest<br \/>\n<\/strong><\/em>25g &#8211; 2 euro (80 euro\/kg)<br \/>\n100 g &#8211; 6 euro (60 euro\/kg)<\/p>\n","protected":false},"featured_media":862660,"comment_status":"open","ping_status":"closed","template":"","meta":{"jetpack_publicize_message":"","jetpack_publicize_feature_enabled":true,"jetpack_social_post_already_shared":true,"jetpack_social_options":{"image_generator_settings":{"template":"highway","default_image_id":0,"font":"","enabled":false},"version":2}},"product_brand":[],"product_cat":[185],"product_tag":[1259],"class_list":{"0":"post-862665","1":"product","2":"type-product","3":"status-publish","4":"has-post-thumbnail","6":"product_cat-wool-locks","7":"product_tag-wool","8":"pa_kaal-100g","9":"pa_kaal-25g","11":"first","12":"outofstock","13":"shipping-taxable","14":"purchasable","15":"product-type-variable"},"aioseo_notices":[],"jetpack_publicize_connections":[],"jetpack_sharing_enabled":true,"_links":{"self":[{"href":"https:\/\/ewestales.eu\/et\/wp-json\/wp\/v2\/product\/862665","targetHints":{"allow":["GET"]}}],"collection":[{"href":"https:\/\/ewestales.eu\/et\/wp-json\/wp\/v2\/product"}],"about":[{"href":"https:\/\/ewestales.eu\/et\/wp-json\/wp\/v2\/types\/product"}],"replies":[{"embeddable":true,"href":"https:\/\/ewestales.eu\/et\/wp-json\/wp\/v2\/comments?post=862665"}],"wp:featuredmedia":[{"embeddable":true,"href":"https:\/\/ewestales.eu\/et\/wp-json\/wp\/v2\/media\/862660"}],"wp:attachment":[{"href":"https:\/\/ewestales.eu\/et\/wp-json\/wp\/v2\/media?parent=862665"}],"wp:term":[{"taxonomy":"product_brand","embeddable":true,"href":"https:\/\/ewestales.eu\/et\/wp-json\/wp\/v2\/product_brand?post=862665"},{"taxonomy":"product_cat","embeddable":true,"href":"https:\/\/ewestales.eu\/et\/wp-json\/wp\/v2\/product_cat?post=862665"},{"taxonomy":"product_tag","embeddable":true,"href":"https:\/\/ewestales.eu\/et\/wp-json\/wp\/v2\/product_tag?post=862665"}],"curies":[{"name":"wp","href":"https:\/\/api.w.org\/{rel}","templated":true}]}}