{"id":862743,"date":"2026-02-08T16:09:08","date_gmt":"2026-02-08T14:09:08","guid":{"rendered":"https:\/\/ewestales.eu\/?post_type=product&#038;p=862743"},"modified":"2026-02-09T00:17:42","modified_gmt":"2026-02-08T22:17:42","slug":"viltimisnoel-n38-spiraal","status":"publish","type":"product","link":"https:\/\/ewestales.eu\/et\/product\/viltimisnoel-n38-spiraal","title":{"rendered":"Viltimisn\u00f5el N38 Spiraal"},"content":{"rendered":"<p>N38 Spiraal<\/p>","protected":false},"excerpt":{"rendered":"<h6>Viltimisn\u00f5el N38 Spiraal<\/h6>\n<p>Spiraal\/keerdn\u00f5el. Spiraaln\u00f5ela erip\u00e4raks on selle keerdunud ots. Selle tulemusena muutuvad torked<br \/>\nv\u00e4hem m\u00e4rgatavaks, pind muutub siledamaks ja n\u00f5el t\u00f6\u00f6tab t\u00f5husamalt.<\/p>\n<p>J\u00e4medus: 38<br \/>\nKogupikkus: 78 mm<br \/>\nOmadused: keerdn\u00f5el<\/p>\n","protected":false},"featured_media":857889,"comment_status":"open","ping_status":"closed","template":"","meta":{"jetpack_publicize_message":"Viltimisn\u00f5el N38 Star","jetpack_publicize_feature_enabled":true,"jetpack_social_post_already_shared":true,"jetpack_social_options":{"image_generator_settings":{"template":"highway","default_image_id":0,"font":"","enabled":false},"version":2}},"product_brand":[],"product_cat":[150,1299],"product_tag":[],"class_list":{"0":"post-862743","1":"product","2":"type-product","3":"status-publish","4":"has-post-thumbnail","6":"product_cat-tools","7":"product_cat-needles","8":"pa_kogus-1261","9":"pa_kogus-1262","11":"first","12":"instock","13":"shipping-taxable","14":"purchasable","15":"product-type-variable"},"aioseo_notices":[],"jetpack_publicize_connections":[],"jetpack_sharing_enabled":true,"_links":{"self":[{"href":"https:\/\/ewestales.eu\/et\/wp-json\/wp\/v2\/product\/862743","targetHints":{"allow":["GET"]}}],"collection":[{"href":"https:\/\/ewestales.eu\/et\/wp-json\/wp\/v2\/product"}],"about":[{"href":"https:\/\/ewestales.eu\/et\/wp-json\/wp\/v2\/types\/product"}],"replies":[{"embeddable":true,"href":"https:\/\/ewestales.eu\/et\/wp-json\/wp\/v2\/comments?post=862743"}],"wp:featuredmedia":[{"embeddable":true,"href":"https:\/\/ewestales.eu\/et\/wp-json\/wp\/v2\/media\/857889"}],"wp:attachment":[{"href":"https:\/\/ewestales.eu\/et\/wp-json\/wp\/v2\/media?parent=862743"}],"wp:term":[{"taxonomy":"product_brand","embeddable":true,"href":"https:\/\/ewestales.eu\/et\/wp-json\/wp\/v2\/product_brand?post=862743"},{"taxonomy":"product_cat","embeddable":true,"href":"https:\/\/ewestales.eu\/et\/wp-json\/wp\/v2\/product_cat?post=862743"},{"taxonomy":"product_tag","embeddable":true,"href":"https:\/\/ewestales.eu\/et\/wp-json\/wp\/v2\/product_tag?post=862743"}],"curies":[{"name":"wp","href":"https:\/\/api.w.org\/{rel}","templated":true}]}}