{"id":862808,"date":"2023-09-15T14:18:28","date_gmt":"2023-09-15T11:18:28","guid":{"rendered":"https:\/\/ewestales.eu\/?post_type=product&#038;p=862808"},"modified":"2023-11-13T17:49:27","modified_gmt":"2023-11-13T15:49:27","slug":"tensel-lyocell-soft-fruits","status":"publish","type":"product","link":"https:\/\/ewestales.eu\/et\/product\/tensel-lyocell-soft-fruits","title":{"rendered":"Tensel (Lyocell) Soft Fruits"},"content":{"rendered":"<p><\/p>\n<h6>Kiud Tencel \u2122 Lyocell paistab silma mitte ainult ilu poolest, vaid on ka \u00fcks keskkonnas\u00f5bralikumaid maailmas.<\/h6>\n<p>See on valmistatud eukal\u00fcptipuidust ja on 100% biolagunev, aga sertifitseeritud tootmisprotsess (suletud ts\u00fckkel) taaskasutab 99% lahustitest, kulutab v\u00e4hem energiat ja vett.<\/p>\n<p>Kiud on uskumatult ilus ja suurep\u00e4raste omadustega: see on vastupidav, meeldiv katsumisel, hingav ja s\u00e4delev.<br \/>\nSa pead lihtsalt proovima!<\/p>\n<h6>Meie Tencel \u2122 Lyocelli top sobib suurep\u00e4raselt m\u00e4rjaks ja kuivaks viltimiseks<\/h6>\n<p><\/p>","protected":false},"excerpt":{"rendered":"<h6><strong>Tensel (Lyocell) top (kammlint)<\/strong><\/h6>\n<p>Kaal: 25 g\/m.<br \/>\nLindi pikkus: 4 m 100 g<br \/>\nValitud kogus saadetakse lindina pakendis. Minimaalne tellimus 25 g.<br \/>\n<em>Hankija:<\/em> DHG, Itaalia<\/p>\n<p>Ideaalne m\u00e4rg- , kuivviltimiseks<\/p>\n<p><em><b>Hind on antud\u00a0<span style=\"color: red;\">25 g <\/span>eest.<\/b><\/em><\/p>\n","protected":false},"featured_media":862813,"comment_status":"open","ping_status":"closed","template":"","meta":{"jetpack_publicize_message":"","jetpack_publicize_feature_enabled":true,"jetpack_social_post_already_shared":true,"jetpack_social_options":{"image_generator_settings":{"template":"highway","default_image_id":0,"font":"","enabled":false},"version":2}},"product_brand":[],"product_cat":[1314],"product_tag":[1231,1313],"class_list":{"0":"post-862808","1":"product","2":"type-product","3":"status-publish","4":"has-post-thumbnail","6":"product_cat-tensel","7":"product_tag-red","8":"product_tag-viscose","10":"first","11":"instock","12":"shipping-taxable","13":"purchasable","14":"product-type-simple"},"aioseo_notices":[],"jetpack_publicize_connections":[],"jetpack_sharing_enabled":true,"_links":{"self":[{"href":"https:\/\/ewestales.eu\/et\/wp-json\/wp\/v2\/product\/862808","targetHints":{"allow":["GET"]}}],"collection":[{"href":"https:\/\/ewestales.eu\/et\/wp-json\/wp\/v2\/product"}],"about":[{"href":"https:\/\/ewestales.eu\/et\/wp-json\/wp\/v2\/types\/product"}],"replies":[{"embeddable":true,"href":"https:\/\/ewestales.eu\/et\/wp-json\/wp\/v2\/comments?post=862808"}],"wp:featuredmedia":[{"embeddable":true,"href":"https:\/\/ewestales.eu\/et\/wp-json\/wp\/v2\/media\/862813"}],"wp:attachment":[{"href":"https:\/\/ewestales.eu\/et\/wp-json\/wp\/v2\/media?parent=862808"}],"wp:term":[{"taxonomy":"product_brand","embeddable":true,"href":"https:\/\/ewestales.eu\/et\/wp-json\/wp\/v2\/product_brand?post=862808"},{"taxonomy":"product_cat","embeddable":true,"href":"https:\/\/ewestales.eu\/et\/wp-json\/wp\/v2\/product_cat?post=862808"},{"taxonomy":"product_tag","embeddable":true,"href":"https:\/\/ewestales.eu\/et\/wp-json\/wp\/v2\/product_tag?post=862808"}],"curies":[{"name":"wp","href":"https:\/\/api.w.org\/{rel}","templated":true}]}}