{"id":862829,"date":"2023-09-25T15:13:56","date_gmt":"2023-09-25T12:13:56","guid":{"rendered":"https:\/\/ewestales.eu\/?post_type=product&#038;p=862829"},"modified":"2026-03-21T21:18:37","modified_gmt":"2026-03-21T19:18:37","slug":"organza-siid-gaas-90-cm","status":"publish","type":"product","link":"https:\/\/ewestales.eu\/et\/product\/organza-siid-gaas-90-cm","title":{"rendered":"Organza siid gaas (90 cm)"},"content":{"rendered":"<p><\/p>\n<h6>Naturaalne siid.<\/h6>\n<p>Organza on algne kangat\u00fc\u00fcp: Excelsior, Gas, h\u00f5rendatud gaasiriie. K\u00f5ik need kangad on kootud toorsiidist. P\u00e4rast kudumist kangad keedetakse ja pleegitatakse, need muutuvad valgeks ja pehmeks, peale tavalist pesu j\u00e4\u00e4b Organza samaks. Kangast saab triikida ja v\u00e4rvida.<\/p>\n<p><span lang=\"ET\">Hind on antud 1 jm eest.<\/span><\/p>","protected":false},"excerpt":{"rendered":"<h6>Naturaalne siid<\/h6>\n<p>laius 90 sm<br \/>\ntihedus 28-30 niiti 1 cm kohta<\/p>\n<p><em><strong>Hind s\u00f5ltub kogusest<br \/>\n<\/strong><\/em>kuni 10 m \u2013 6 euro \/ m<br \/>\n10 m \u2013 6,60 euro \/ m<\/p>\n<p><em><strong><span lang=\"ET\">Hind on antud 1 jm eest.<\/span><\/strong><\/em><\/p>\n","protected":false},"featured_media":862833,"comment_status":"open","ping_status":"closed","template":"","meta":{"jetpack_publicize_message":"","jetpack_publicize_feature_enabled":true,"jetpack_social_post_already_shared":true,"jetpack_social_options":{"image_generator_settings":{"template":"highway","default_image_id":0,"font":"","enabled":false},"version":2}},"product_brand":[],"product_cat":[181],"product_tag":[1315],"class_list":{"0":"post-862829","1":"product","2":"type-product","3":"status-publish","4":"has-post-thumbnail","6":"product_cat-siidikangas","7":"product_tag-silk","8":"pa_kogus-1261","9":"pa_kogus-1262","10":"pa_kogus-1263","12":"first","13":"instock","14":"shipping-taxable","15":"purchasable","16":"product-type-variable"},"aioseo_notices":[],"jetpack_publicize_connections":[],"jetpack_sharing_enabled":true,"_links":{"self":[{"href":"https:\/\/ewestales.eu\/et\/wp-json\/wp\/v2\/product\/862829","targetHints":{"allow":["GET"]}}],"collection":[{"href":"https:\/\/ewestales.eu\/et\/wp-json\/wp\/v2\/product"}],"about":[{"href":"https:\/\/ewestales.eu\/et\/wp-json\/wp\/v2\/types\/product"}],"replies":[{"embeddable":true,"href":"https:\/\/ewestales.eu\/et\/wp-json\/wp\/v2\/comments?post=862829"}],"wp:featuredmedia":[{"embeddable":true,"href":"https:\/\/ewestales.eu\/et\/wp-json\/wp\/v2\/media\/862833"}],"wp:attachment":[{"href":"https:\/\/ewestales.eu\/et\/wp-json\/wp\/v2\/media?parent=862829"}],"wp:term":[{"taxonomy":"product_brand","embeddable":true,"href":"https:\/\/ewestales.eu\/et\/wp-json\/wp\/v2\/product_brand?post=862829"},{"taxonomy":"product_cat","embeddable":true,"href":"https:\/\/ewestales.eu\/et\/wp-json\/wp\/v2\/product_cat?post=862829"},{"taxonomy":"product_tag","embeddable":true,"href":"https:\/\/ewestales.eu\/et\/wp-json\/wp\/v2\/product_tag?post=862829"}],"curies":[{"name":"wp","href":"https:\/\/api.w.org\/{rel}","templated":true}]}}