{"id":862917,"date":"2023-12-06T23:54:14","date_gmt":"2023-12-06T21:54:14","guid":{"rendered":"https:\/\/ewestales.eu\/?post_type=product&#038;p=862917"},"modified":"2025-12-10T01:11:49","modified_gmt":"2025-12-09T23:11:49","slug":"south-american-merino-wool-skin","status":"publish","type":"product","link":"https:\/\/ewestales.eu\/et\/product\/south-american-merino-wool-skin","title":{"rendered":"L\u00f5una-Ameerika meriino vill Nahk"},"content":{"rendered":"<p><\/p>\n<h6>L\u00f5una-Ameerika meriino vill , 27 mic<\/h6>\n<h6>v\u00e4rv\u00a0Nahk<\/h6>\n<p>Valitud peenvill, v\u00e4ga h\u00e4sti kammitud, sobib viltimiseks, ketramiseks<\/p>\n<p>Kiu pikkus: umbes 65 mm<\/p>\n<p>Toniin, 27 mikronit<\/p>\n<p>Kuna see vill sobib v\u00e4ga h\u00e4sti haldjate ja inglite tegemiseks, otsustasime anda v\u00f5imaluse seda ka soetada alates 25 g<\/p>\n<p>&nbsp;<\/p>\n<p>&nbsp;<\/p>","protected":false},"excerpt":{"rendered":"<h6>L\u00f5una-Ameerika meriino<\/h6>\n<h6>Nahk<\/h6>\n<p>Kiu pikkus: umbes 65 mm<\/p>\n<p>Toniin: 27 mikronit<\/p>\n","protected":false},"featured_media":862920,"comment_status":"open","ping_status":"closed","template":"","meta":{"jetpack_publicize_message":"","jetpack_publicize_feature_enabled":true,"jetpack_social_post_already_shared":true,"jetpack_social_options":{"image_generator_settings":{"template":"highway","default_image_id":0,"font":"","enabled":false},"version":2}},"product_brand":[],"product_cat":[1211,1303],"product_tag":[1327,1290,1259],"class_list":{"0":"post-862917","1":"product","2":"type-product","3":"status-publish","4":"has-post-thumbnail","6":"product_cat-tops","7":"product_cat-more-wool","8":"product_tag-tops","9":"product_tag-white","10":"product_tag-wool","11":"pa_kaal-25g","12":"pa_kaal-50-g","14":"first","15":"instock","16":"shipping-taxable","17":"purchasable","18":"product-type-variable"},"aioseo_notices":[],"jetpack_publicize_connections":[],"jetpack_sharing_enabled":true,"_links":{"self":[{"href":"https:\/\/ewestales.eu\/et\/wp-json\/wp\/v2\/product\/862917","targetHints":{"allow":["GET"]}}],"collection":[{"href":"https:\/\/ewestales.eu\/et\/wp-json\/wp\/v2\/product"}],"about":[{"href":"https:\/\/ewestales.eu\/et\/wp-json\/wp\/v2\/types\/product"}],"replies":[{"embeddable":true,"href":"https:\/\/ewestales.eu\/et\/wp-json\/wp\/v2\/comments?post=862917"}],"wp:featuredmedia":[{"embeddable":true,"href":"https:\/\/ewestales.eu\/et\/wp-json\/wp\/v2\/media\/862920"}],"wp:attachment":[{"href":"https:\/\/ewestales.eu\/et\/wp-json\/wp\/v2\/media?parent=862917"}],"wp:term":[{"taxonomy":"product_brand","embeddable":true,"href":"https:\/\/ewestales.eu\/et\/wp-json\/wp\/v2\/product_brand?post=862917"},{"taxonomy":"product_cat","embeddable":true,"href":"https:\/\/ewestales.eu\/et\/wp-json\/wp\/v2\/product_cat?post=862917"},{"taxonomy":"product_tag","embeddable":true,"href":"https:\/\/ewestales.eu\/et\/wp-json\/wp\/v2\/product_tag?post=862917"}],"curies":[{"name":"wp","href":"https:\/\/api.w.org\/{rel}","templated":true}]}}