{"id":863038,"date":"2024-04-18T14:16:31","date_gmt":"2024-04-18T11:16:31","guid":{"rendered":"https:\/\/ewestales.eu\/?post_type=product&#038;p=863038"},"modified":"2025-04-30T12:07:47","modified_gmt":"2025-04-30T09:07:47","slug":"75-merino-25-kid-mohair-cloud","status":"publish","type":"product","link":"https:\/\/ewestales.eu\/et\/product\/75-merino-25-kid-mohair-cloud","title":{"rendered":"75% merino\/25% kid mohair Cloud"},"content":{"rendered":"<p>75% merinovill (u 22.5 mic) ja 25% kidmohair (u 25 mic).<\/p>\n<p><strong>Hind on antud <span style=\"color: #ff0000;\">50g<\/span> eest<\/strong><\/p>","protected":false},"excerpt":{"rendered":"<p>75% peen meriino \/ 25% kid moh\u00e4\u00e4r<\/p>\n<p>Tops (kammitud lint)peenest meriinovillast (umbes 22,5 mikronit) ja kidamoh\u00e4\u00e4rist (umbes 25 mikronit).<\/p>\n<p>Lindi kaal: umbes 23 g \/ m<br \/>\nLindi pikkus: umbes 4 meetrit 100 g<\/p>\n<p>Valitud kogus saadetakse pakendis \u00fche lindina.<\/p>\n<p>Villa ja moh\u00e4\u00e4ri segu on SUUREP\u00c4RANE, sest see \u00fchendab villa pehmuse ja moh\u00e4\u00e4ri l\u00e4ike.<br \/>\nSobib suurep\u00e4raselt kuivaks ja m\u00e4rjaks viltimiseks, ketramiseks ja kangakudumiseks.<\/p>\n<p>Hankija: <em>DHG, Itaalia<\/em><\/p>\n<p><strong>Hind on antud <span style=\"color: #ff0000;\">50g<\/span> eest<\/strong>.<\/p>\n","protected":false},"featured_media":863039,"comment_status":"open","ping_status":"closed","template":"","meta":{"jetpack_publicize_message":"","jetpack_publicize_feature_enabled":true,"jetpack_social_post_already_shared":true,"jetpack_social_options":{"image_generator_settings":{"template":"highway","default_image_id":0,"font":"","enabled":false},"version":2}},"product_brand":[],"product_cat":[1211,1303],"product_tag":[],"class_list":{"0":"post-863038","1":"product","2":"type-product","3":"status-publish","4":"has-post-thumbnail","6":"product_cat-tops","7":"product_cat-more-wool","9":"first","10":"instock","11":"shipping-taxable","12":"purchasable","13":"product-type-simple"},"aioseo_notices":[],"jetpack_publicize_connections":[],"jetpack_sharing_enabled":true,"_links":{"self":[{"href":"https:\/\/ewestales.eu\/et\/wp-json\/wp\/v2\/product\/863038","targetHints":{"allow":["GET"]}}],"collection":[{"href":"https:\/\/ewestales.eu\/et\/wp-json\/wp\/v2\/product"}],"about":[{"href":"https:\/\/ewestales.eu\/et\/wp-json\/wp\/v2\/types\/product"}],"replies":[{"embeddable":true,"href":"https:\/\/ewestales.eu\/et\/wp-json\/wp\/v2\/comments?post=863038"}],"wp:featuredmedia":[{"embeddable":true,"href":"https:\/\/ewestales.eu\/et\/wp-json\/wp\/v2\/media\/863039"}],"wp:attachment":[{"href":"https:\/\/ewestales.eu\/et\/wp-json\/wp\/v2\/media?parent=863038"}],"wp:term":[{"taxonomy":"product_brand","embeddable":true,"href":"https:\/\/ewestales.eu\/et\/wp-json\/wp\/v2\/product_brand?post=863038"},{"taxonomy":"product_cat","embeddable":true,"href":"https:\/\/ewestales.eu\/et\/wp-json\/wp\/v2\/product_cat?post=863038"},{"taxonomy":"product_tag","embeddable":true,"href":"https:\/\/ewestales.eu\/et\/wp-json\/wp\/v2\/product_tag?post=863038"}],"curies":[{"name":"wp","href":"https:\/\/api.w.org\/{rel}","templated":true}]}}